{"id":1535,"date":"2025-05-29T18:52:36","date_gmt":"2025-05-29T16:52:36","guid":{"rendered":"https:\/\/dev.valeriesajdik.com\/bio\/duo-cedric-chauveau\/"},"modified":"2025-06-04T17:03:30","modified_gmt":"2025-06-04T15:03:30","slug":"duo-cedric-chauveau","status":"publish","type":"page","link":"https:\/\/valeriesajdik.com\/en\/bio\/duo-cedric-chauveau\/","title":{"rendered":"Duo with C\u00e9dric Chauveau"},"content":{"rendered":"\t\t<div data-elementor-type=\"wp-page\" data-elementor-id=\"1535\" class=\"elementor elementor-1535 elementor-856\" data-elementor-post-type=\"page\">\n\t\t\t\t<div class=\"elementor-element elementor-element-249eb05a e-con-full e-flex e-con e-parent\" data-id=\"249eb05a\" data-element_type=\"container\" data-e-type=\"container\">\n\t\t\t\t<div class=\"elementor-element elementor-element-2018a2b0 elementor--v-position-bottom elementor--h-position-center elementor-widget elementor-widget-slides\" data-id=\"2018a2b0\" data-element_type=\"widget\" data-e-type=\"widget\" data-settings=\"{&quot;navigation&quot;:&quot;none&quot;,&quot;transition&quot;:&quot;slide&quot;,&quot;transition_speed&quot;:500}\" data-widget_type=\"slides.default\">\n\t\t\t\t<div class=\"elementor-widget-container\">\n\t\t\t\t\t\t\t\t\t<div class=\"elementor-swiper\">\n\t\t\t\t\t<div class=\"elementor-slides-wrapper elementor-main-swiper swiper\" role=\"region\" aria-roledescription=\"carousel\" aria-label=\"HERO\" dir=\"ltr\" data-animation=\"fadeInUp\">\n\t\t\t\t<div class=\"swiper-wrapper elementor-slides\">\n\t\t\t\t\t\t\t\t\t\t<div class=\"elementor-repeater-item-c18b494 swiper-slide\" role=\"group\" aria-roledescription=\"slide\"><div class=\"swiper-slide-bg\" role=\"img\" aria-label=\"Duo Val\u00e9rie Sajdik et C\u00e9dric Chauveau\"><\/div><div class=\"swiper-slide-inner\" ><div class=\"swiper-slide-contents\"><div class=\"elementor-slide-heading\">Duo with C\u00e9dric Chauveau<\/div><div class=\"elementor-slide-description\">Voice & piano collaboration<\/div><\/div><\/div><\/div>\t\t\t\t<\/div>\n\t\t\t\t\t\t\t<\/div>\n\t\t\t\t<\/div>\n\t\t\t\t\t\t\t\t<\/div>\n\t\t\t\t<\/div>\n\t\t\t\t<\/div>\n\t\t<div class=\"elementor-element elementor-element-ed7b611 e-flex e-con-boxed e-con e-parent\" data-id=\"ed7b611\" data-element_type=\"container\" data-e-type=\"container\" data-settings=\"{&quot;background_background&quot;:&quot;classic&quot;}\">\n\t\t\t\t\t<div class=\"e-con-inner\">\n\t\t<div class=\"elementor-element elementor-element-16ba057 e-con-full e-flex e-con e-child\" data-id=\"16ba057\" data-element_type=\"container\" data-e-type=\"container\">\n\t\t\t\t<div class=\"elementor-element elementor-element-fc1f671 elementor-widget elementor-widget-text-editor\" data-id=\"fc1f671\" data-element_type=\"widget\" data-e-type=\"widget\" data-widget_type=\"text-editor.default\">\n\t\t\t\t<div class=\"elementor-widget-container\">\n\t\t\t\t\t\t\t\t\t<p>Between poetic jazz and cultural fusion<\/p>\t\t\t\t\t\t\t\t<\/div>\n\t\t\t\t<\/div>\n\t\t\t\t<div class=\"elementor-element elementor-element-397c760 elementor-widget-divider--view-line elementor-widget elementor-widget-divider\" data-id=\"397c760\" data-element_type=\"widget\" data-e-type=\"widget\" data-widget_type=\"divider.default\">\n\t\t\t\t<div class=\"elementor-widget-container\">\n\t\t\t\t\t\t\t<div class=\"elementor-divider\">\n\t\t\t<span class=\"elementor-divider-separator\">\n\t\t\t\t\t\t<\/span>\n\t\t<\/div>\n\t\t\t\t\t\t<\/div>\n\t\t\t\t<\/div>\n\t\t\t\t<div class=\"elementor-element elementor-element-c6711b3 elementor-widget elementor-widget-heading\" data-id=\"c6711b3\" data-element_type=\"widget\" data-e-type=\"widget\" data-widget_type=\"heading.default\">\n\t\t\t\t<div class=\"elementor-widget-container\">\n\t\t\t\t\t<h1 class=\"elementor-heading-title elementor-size-default\">CEDRIC CHAUVEAU AND VALERIE SAJDIK IN DUET<\/h1>\t\t\t\t<\/div>\n\t\t\t\t<\/div>\n\t\t\t\t<div class=\"elementor-element elementor-element-9dd39b5 elementor-widget elementor-widget-text-editor\" data-id=\"9dd39b5\" data-element_type=\"widget\" data-e-type=\"widget\" data-widget_type=\"text-editor.default\">\n\t\t\t\t<div class=\"elementor-widget-container\">\n\t\t\t\t\t\t\t\t\t<div class=\"wbp_wrapper\"><p>The duo Val\u00e9rie Sajdik (voice) and C\u00e9dric Chauveau (piano), unite in a singular musical universe two rich backgrounds of music and cultural crossbreeding. They present a first album that is characterized by their sense of melody and their taste for poetry.<\/p><p>In mainly English songs, but also some French ones, Valerie and Cedric tell stories of staggering tightrope walkers, sleepwalkers, dreamers of stars, drunkards in denial and Baudelaire\u2019s dog who won\u2019t let himself be done.<\/p><\/div>\t\t\t\t\t\t\t\t<\/div>\n\t\t\t\t<\/div>\n\t\t\t\t<\/div>\n\t\t\t\t\t<\/div>\n\t\t\t\t<\/div>\n\t\t<div class=\"elementor-element elementor-element-4074756 e-flex e-con-boxed e-con e-parent\" data-id=\"4074756\" data-element_type=\"container\" data-e-type=\"container\">\n\t\t\t\t\t<div class=\"e-con-inner\">\n\t\t<div class=\"elementor-element elementor-element-7d32092 e-con-full e-flex e-con e-child\" data-id=\"7d32092\" data-element_type=\"container\" data-e-type=\"container\">\n\t\t\t\t<div class=\"elementor-element elementor-element-aeae448 elementor-widget elementor-widget-heading\" data-id=\"aeae448\" data-element_type=\"widget\" data-e-type=\"widget\" data-widget_type=\"heading.default\">\n\t\t\t\t<div class=\"elementor-widget-container\">\n\t\t\t\t\t<h2 class=\"elementor-heading-title elementor-size-default\">Jazzy confluence<\/h2>\t\t\t\t<\/div>\n\t\t\t\t<\/div>\n\t\t\t\t<div class=\"elementor-element elementor-element-607a1b3 elementor-widget elementor-widget-text-editor\" data-id=\"607a1b3\" data-element_type=\"widget\" data-e-type=\"widget\" data-widget_type=\"text-editor.default\">\n\t\t\t\t<div class=\"elementor-widget-container\">\n\t\t\t\t\t\t\t\t\t<div class=\"wbp_wrapper\"><p>Since Valerie\u2019s last album,\u00a0<strong>\u201c<em>Les Nuits Blanches<\/em>\u201d<\/strong>, on which she sang her sleepless nights in the form of jazzy songs, some time has passed. The artist, who lives in the south of France and in Vienna, Austria, has not yet completely overcome her insomnia, and so new songs have emerged, for example during\u00a0<strong>her concerts in New York at the legendary Cabaret Sabarsky<\/strong>\u00a0with her Kurt Weill repertoire, as well as during her trips to France.<\/p><p>Her musical accomplice, co-composer and arranger, is the French jazz pianist\u00a0<strong>C\u00e9dric Chauveau<\/strong>, whose trio album\u00a0<strong>\u201c<a href=\"http:\/\/cedric-chauveau.com\/cedric-chauveau-trio-videos\/\" target=\"_blank\" rel=\"nofollow noopener noreferrer\">It\u2019s only a Papermoon<\/a>\u201d<\/strong>\u00a0was rated\u00a0<strong>\u201c<a href=\"http:\/\/cedric-chauveau.com\/la-presse-en-parle\/\" target=\"_blank\" rel=\"nofollow noopener noreferrer\">Revelation<\/a>\u201d<\/strong>\u00a0by the French Jazz Magazine.<\/p><\/div>\t\t\t\t\t\t\t\t<\/div>\n\t\t\t\t<\/div>\n\t\t\t\t<\/div>\n\t\t<div class=\"elementor-element elementor-element-ab35e1a e-con-full e-flex e-con e-child\" data-id=\"ab35e1a\" data-element_type=\"container\" data-e-type=\"container\">\n\t\t\t\t<div class=\"elementor-element elementor-element-eb3f7ad elementor-widget elementor-widget-image\" data-id=\"eb3f7ad\" data-element_type=\"widget\" data-e-type=\"widget\" data-widget_type=\"image.default\">\n\t\t\t\t<div class=\"elementor-widget-container\">\n\t\t\t\t\t\t\t\t\t\t\t\t\t\t\t<img fetchpriority=\"high\" decoding=\"async\" width=\"1280\" height=\"1280\" src=\"https:\/\/valeriesajdik.com\/wp-content\/uploads\/2025\/05\/concert-valerie-sajdik-cedric-chauveau-duo.jpg\" class=\"attachment-full size-full wp-image-1366\" alt=\"\" srcset=\"https:\/\/valeriesajdik.com\/wp-content\/uploads\/2025\/05\/concert-valerie-sajdik-cedric-chauveau-duo.jpg 1280w, https:\/\/valeriesajdik.com\/wp-content\/uploads\/2025\/05\/concert-valerie-sajdik-cedric-chauveau-duo-300x300.jpg 300w, https:\/\/valeriesajdik.com\/wp-content\/uploads\/2025\/05\/concert-valerie-sajdik-cedric-chauveau-duo-1024x1024.jpg 1024w, https:\/\/valeriesajdik.com\/wp-content\/uploads\/2025\/05\/concert-valerie-sajdik-cedric-chauveau-duo-150x150.jpg 150w, https:\/\/valeriesajdik.com\/wp-content\/uploads\/2025\/05\/concert-valerie-sajdik-cedric-chauveau-duo-768x768.jpg 768w, https:\/\/valeriesajdik.com\/wp-content\/uploads\/2025\/05\/concert-valerie-sajdik-cedric-chauveau-duo-500x500.jpg 500w, https:\/\/valeriesajdik.com\/wp-content\/uploads\/2025\/05\/concert-valerie-sajdik-cedric-chauveau-duo-12x12.jpg 12w\" sizes=\"(max-width: 1280px) 100vw, 1280px\" \/>\t\t\t\t\t\t\t\t\t\t\t\t\t\t\t<\/div>\n\t\t\t\t<\/div>\n\t\t\t\t<\/div>\n\t\t\t\t\t<\/div>\n\t\t\t\t<\/div>\n\t\t<div class=\"elementor-element elementor-element-ca3fed7 e-flex e-con-boxed e-con e-parent\" data-id=\"ca3fed7\" data-element_type=\"container\" data-e-type=\"container\" data-settings=\"{&quot;background_background&quot;:&quot;classic&quot;}\">\n\t\t\t\t\t<div class=\"e-con-inner\">\n\t\t<div class=\"elementor-element elementor-element-9a545e4 e-con-full e-flex e-con e-child\" data-id=\"9a545e4\" data-element_type=\"container\" data-e-type=\"container\">\n\t\t\t\t<div class=\"elementor-element elementor-element-6d718e6 elementor-widget elementor-widget-image\" data-id=\"6d718e6\" data-element_type=\"widget\" data-e-type=\"widget\" data-widget_type=\"image.default\">\n\t\t\t\t<div class=\"elementor-widget-container\">\n\t\t\t\t\t\t\t\t\t\t\t\t\t\t\t<img decoding=\"async\" width=\"1280\" height=\"1280\" src=\"https:\/\/valeriesajdik.com\/wp-content\/uploads\/2025\/05\/Funambule-Valerie-Sajdik-et-Cedric-Chauveau.jpg\" class=\"attachment-full size-full wp-image-1319\" alt=\"Funambule\" srcset=\"https:\/\/valeriesajdik.com\/wp-content\/uploads\/2025\/05\/Funambule-Valerie-Sajdik-et-Cedric-Chauveau.jpg 1280w, https:\/\/valeriesajdik.com\/wp-content\/uploads\/2025\/05\/Funambule-Valerie-Sajdik-et-Cedric-Chauveau-300x300.jpg 300w, https:\/\/valeriesajdik.com\/wp-content\/uploads\/2025\/05\/Funambule-Valerie-Sajdik-et-Cedric-Chauveau-1024x1024.jpg 1024w, https:\/\/valeriesajdik.com\/wp-content\/uploads\/2025\/05\/Funambule-Valerie-Sajdik-et-Cedric-Chauveau-150x150.jpg 150w, https:\/\/valeriesajdik.com\/wp-content\/uploads\/2025\/05\/Funambule-Valerie-Sajdik-et-Cedric-Chauveau-768x768.jpg 768w, https:\/\/valeriesajdik.com\/wp-content\/uploads\/2025\/05\/Funambule-Valerie-Sajdik-et-Cedric-Chauveau-500x500.jpg 500w\" sizes=\"(max-width: 1280px) 100vw, 1280px\" \/>\t\t\t\t\t\t\t\t\t\t\t\t\t\t\t<\/div>\n\t\t\t\t<\/div>\n\t\t\t\t<\/div>\n\t\t<div class=\"elementor-element elementor-element-d5dc490 e-con-full e-flex e-con e-child\" data-id=\"d5dc490\" data-element_type=\"container\" data-e-type=\"container\">\n\t\t\t\t<div class=\"elementor-element elementor-element-e41363d elementor-widget elementor-widget-heading\" data-id=\"e41363d\" data-element_type=\"widget\" data-e-type=\"widget\" data-widget_type=\"heading.default\">\n\t\t\t\t<div class=\"elementor-widget-container\">\n\t\t\t\t\t<h2 class=\"elementor-heading-title elementor-size-default\">Funambule<\/h2>\t\t\t\t<\/div>\n\t\t\t\t<\/div>\n\t\t\t\t<div class=\"elementor-element elementor-element-4956516 elementor-widget elementor-widget-text-editor\" data-id=\"4956516\" data-element_type=\"widget\" data-e-type=\"widget\" data-widget_type=\"text-editor.default\">\n\t\t\t\t<div class=\"elementor-widget-container\">\n\t\t\t\t\t\t\t\t\t<p>After a musical roadtrip in different genres, Valerie has landed, without compromise and without net, with\u00a0<strong>the album \u201c<em>Funambule<\/em>\u201d<\/strong>. The fact that life remains a tightrope act in this process is another question and constitutes the thematic arc of this album.<\/p><p>From her beginnings with the electronic jazz project \u201cSaint Privat\u201d to her solo hit\u00a0<em><strong>\u201c<a href=\"http:\/\/www.youtube.com\/watch?v=1nZekwi0Q5o\" target=\"_blank\" rel=\"nofollow noopener noreferrer\">Regen<\/a>\u201d<\/strong>,<\/em> where she was to be marketed as a variety starlet, one can always hear the love for jazz in all her songs.<\/p><p>And in this album \u201c<em>Funambule<\/em>\u201d, she reconciles herself with her diversity and her supposed contradictions. With Cedric, she\u00a0re-records her German hit\u00a0<strong>\u201c<\/strong><em>Regen<\/em><strong>\u201d<\/strong>\u00a0in a jazzy English version.<\/p>\t\t\t\t\t\t\t\t<\/div>\n\t\t\t\t<\/div>\n\t\t\t\t<\/div>\n\t\t\t\t\t<\/div>\n\t\t\t\t<\/div>\n\t\t<div class=\"elementor-element elementor-element-4527785 e-flex e-con-boxed e-con e-parent\" data-id=\"4527785\" data-element_type=\"container\" data-e-type=\"container\" data-settings=\"{&quot;background_background&quot;:&quot;classic&quot;}\">\n\t\t\t\t\t<div class=\"e-con-inner\">\n\t\t<div class=\"elementor-element elementor-element-fdf0337 e-con-full e-flex e-con e-child\" data-id=\"fdf0337\" data-element_type=\"container\" data-e-type=\"container\">\n\t\t\t\t<div class=\"elementor-element elementor-element-85d670c elementor-widget elementor-widget-text-editor\" data-id=\"85d670c\" data-element_type=\"widget\" data-e-type=\"widget\" data-widget_type=\"text-editor.default\">\n\t\t\t\t<div class=\"elementor-widget-container\">\n\t\t\t\t\t\t\t\t\t<p><strong>Masha Kaleko<\/strong>\u00a0and her poem\u00a0<strong>\u201cTightrope walker without a net\u201d<\/strong> have been with Valerie not only since she discovered Kaleko\u2019s memorial plaque in New York\u2019s East Village and experienced a very moving moment. At the end of the day, what matters is to be understood. And to understand oneself. The many facets of Valerie have their say, find a common denominator and thus form <strong>the most personal, harmonious and stylistically pure album of her career so far.<\/strong><\/p><p>On the other hand,\u00a0<strong>Cedric Chauveau\u2019s career path is quite linear<\/strong>. Since his encounter with jazz, he has never stopped trying to deepen his musical expression, which is largely impregnated with blues, swing and gospel. However, he is not closed to other musical styles, quite the contrary, and is\u00a0<strong>enriched by each experience<\/strong>. He likes to melt into the universe of the artists he accompanies and brings his sense of harmonization and humor.<\/p>\t\t\t\t\t\t\t\t<\/div>\n\t\t\t\t<\/div>\n\t\t\t\t<\/div>\n\t\t<div class=\"elementor-element elementor-element-6f834bd e-con-full e-flex e-con e-child\" data-id=\"6f834bd\" data-element_type=\"container\" data-e-type=\"container\">\n\t\t\t\t<div class=\"elementor-element elementor-element-037f44a elementor-widget elementor-widget-image\" data-id=\"037f44a\" data-element_type=\"widget\" data-e-type=\"widget\" data-widget_type=\"image.default\">\n\t\t\t\t<div class=\"elementor-widget-container\">\n\t\t\t\t\t\t\t\t\t\t\t\t\t\t\t<img decoding=\"async\" width=\"1280\" height=\"1280\" src=\"https:\/\/valeriesajdik.com\/wp-content\/uploads\/2025\/05\/concert-valerie-sajdik-cedric-chauveau.jpg\" class=\"attachment-full size-full wp-image-1364\" alt=\"\" srcset=\"https:\/\/valeriesajdik.com\/wp-content\/uploads\/2025\/05\/concert-valerie-sajdik-cedric-chauveau.jpg 1280w, https:\/\/valeriesajdik.com\/wp-content\/uploads\/2025\/05\/concert-valerie-sajdik-cedric-chauveau-300x300.jpg 300w, https:\/\/valeriesajdik.com\/wp-content\/uploads\/2025\/05\/concert-valerie-sajdik-cedric-chauveau-1024x1024.jpg 1024w, https:\/\/valeriesajdik.com\/wp-content\/uploads\/2025\/05\/concert-valerie-sajdik-cedric-chauveau-150x150.jpg 150w, https:\/\/valeriesajdik.com\/wp-content\/uploads\/2025\/05\/concert-valerie-sajdik-cedric-chauveau-768x768.jpg 768w, https:\/\/valeriesajdik.com\/wp-content\/uploads\/2025\/05\/concert-valerie-sajdik-cedric-chauveau-500x500.jpg 500w, https:\/\/valeriesajdik.com\/wp-content\/uploads\/2025\/05\/concert-valerie-sajdik-cedric-chauveau-12x12.jpg 12w\" sizes=\"(max-width: 1280px) 100vw, 1280px\" \/>\t\t\t\t\t\t\t\t\t\t\t\t\t\t\t<\/div>\n\t\t\t\t<\/div>\n\t\t\t\t<\/div>\n\t\t\t\t\t<\/div>\n\t\t\t\t<\/div>\n\t\t<div class=\"elementor-element elementor-element-f9ddb47 e-flex e-con-boxed e-con e-parent\" data-id=\"f9ddb47\" data-element_type=\"container\" data-e-type=\"container\">\n\t\t\t\t\t<div class=\"e-con-inner\">\n\t\t<div class=\"elementor-element elementor-element-addcaf3 e-con-full e-flex e-con e-child\" data-id=\"addcaf3\" data-element_type=\"container\" data-e-type=\"container\">\n\t\t\t\t<div class=\"elementor-element elementor-element-3a96458 elementor-widget elementor-widget-image\" data-id=\"3a96458\" data-element_type=\"widget\" data-e-type=\"widget\" data-widget_type=\"image.default\">\n\t\t\t\t<div class=\"elementor-widget-container\">\n\t\t\t\t\t\t\t\t\t\t\t\t\t\t\t<img loading=\"lazy\" decoding=\"async\" width=\"838\" height=\"780\" src=\"https:\/\/valeriesajdik.com\/wp-content\/uploads\/2025\/05\/Amities-Nouvel-Album-Valerie-Sajdik-et-Cedric-Chauveau.jpg\" class=\"attachment-full size-full wp-image-1079\" alt=\"Amiti\u00e9s - Nouvel Album 2025 Val\u00e9rie Sajdik et C\u00e9dric Chauveau\" srcset=\"https:\/\/valeriesajdik.com\/wp-content\/uploads\/2025\/05\/Amities-Nouvel-Album-Valerie-Sajdik-et-Cedric-Chauveau.jpg 838w, https:\/\/valeriesajdik.com\/wp-content\/uploads\/2025\/05\/Amities-Nouvel-Album-Valerie-Sajdik-et-Cedric-Chauveau-300x279.jpg 300w, https:\/\/valeriesajdik.com\/wp-content\/uploads\/2025\/05\/Amities-Nouvel-Album-Valerie-Sajdik-et-Cedric-Chauveau-768x715.jpg 768w\" sizes=\"(max-width: 838px) 100vw, 838px\" \/>\t\t\t\t\t\t\t\t\t\t\t\t\t\t\t<\/div>\n\t\t\t\t<\/div>\n\t\t\t\t<\/div>\n\t\t<div class=\"elementor-element elementor-element-4b5a49f e-con-full e-flex e-con e-child\" data-id=\"4b5a49f\" data-element_type=\"container\" data-e-type=\"container\">\n\t\t\t\t<div class=\"elementor-element elementor-element-0482007 elementor-widget elementor-widget-heading\" data-id=\"0482007\" data-element_type=\"widget\" data-e-type=\"widget\" data-widget_type=\"heading.default\">\n\t\t\t\t<div class=\"elementor-widget-container\">\n\t\t\t\t\t<h2 class=\"elementor-heading-title elementor-size-default\">Amiti\u00e9s<\/h2>\t\t\t\t<\/div>\n\t\t\t\t<\/div>\n\t\t\t\t<div class=\"elementor-element elementor-element-53201dd elementor-widget elementor-widget-text-editor\" data-id=\"53201dd\" data-element_type=\"widget\" data-e-type=\"widget\" data-widget_type=\"text-editor.default\">\n\t\t\t\t<div class=\"elementor-widget-container\">\n\t\t\t\t\t\t\t\t\t<p><em>Amiti\u00e9s<\/em>\u00a0features jazzy covers that celebrate European unity and friendship.<\/p><p>Blending French chanson with modern songs, it includes a French version of the 1982 Eurovision hit <strong><em>Ein bisschen Frieden<\/em><\/strong>, <em><strong>Mensch<\/strong><\/em> by Herbert Gr\u00f6nemeyer with lyrics by Camille, and tributes such as <strong><em>Comment te dire adieu<\/em><\/strong> (Fran\u00e7oise Hardy) and <strong><em>G\u00f6ttingen<\/em><\/strong> (Barbara).<\/p><p>Other highlights include <strong><em>Tourbillon de la vie<\/em><\/strong> from <em>Jules et Jim<\/em>, <strong><em>Le Fiacre<\/em><\/strong> by Yvette Guilbert, and <strong><em>Die Moritat von Mackie Messer<\/em><\/strong> by Kurt Weill with a French verse by Boris Vian.<\/p><p>The album also honours Occitan culture with songs by Trenet, Brassens, and Nougaro.<\/p>\t\t\t\t\t\t\t\t<\/div>\n\t\t\t\t<\/div>\n\t\t\t\t<\/div>\n\t\t\t\t\t<\/div>\n\t\t\t\t<\/div>\n\t\t<div class=\"elementor-element elementor-element-fb43219 e-flex e-con-boxed e-con e-parent\" data-id=\"fb43219\" data-element_type=\"container\" data-e-type=\"container\">\n\t\t\t\t\t<div class=\"e-con-inner\">\n\t\t\t\t<div class=\"elementor-element elementor-element-01222b4 elementor-widget elementor-widget-video\" data-id=\"01222b4\" data-element_type=\"widget\" data-e-type=\"widget\" data-settings=\"{&quot;youtube_url&quot;:&quot;https:\\\/\\\/youtu.be\\\/jZgsllYXOMA?si=K3FRrpfNPuZqd8wV&quot;,&quot;video_type&quot;:&quot;youtube&quot;,&quot;controls&quot;:&quot;yes&quot;}\" data-widget_type=\"video.default\">\n\t\t\t\t<div class=\"elementor-widget-container\">\n\t\t\t\t\t\t\t<div class=\"elementor-wrapper elementor-open-inline\">\n\t\t\t<div class=\"elementor-video\"><\/div>\t\t<\/div>\n\t\t\t\t\t\t<\/div>\n\t\t\t\t<\/div>\n\t\t\t\t<div class=\"elementor-element elementor-element-1e6104a elementor-widget elementor-widget-spacer\" data-id=\"1e6104a\" data-element_type=\"widget\" data-e-type=\"widget\" data-widget_type=\"spacer.default\">\n\t\t\t\t<div class=\"elementor-widget-container\">\n\t\t\t\t\t\t\t<div class=\"elementor-spacer\">\n\t\t\t<div class=\"elementor-spacer-inner\"><\/div>\n\t\t<\/div>\n\t\t\t\t\t\t<\/div>\n\t\t\t\t<\/div>\n\t\t\t\t\t<\/div>\n\t\t\t\t<\/div>\n\t\t\t\t<\/div>\n\t\t","protected":false},"excerpt":{"rendered":"<p>Duo with C\u00e9dric ChauveauVoice &#038; piano collaboration Between poetic jazz and cultural fusion CEDRIC CHAUVEAU AND VALERIE SAJDIK IN DUET [&hellip;]<\/p>\n","protected":false},"author":2,"featured_media":1362,"parent":1431,"menu_order":4,"comment_status":"closed","ping_status":"closed","template":"","meta":{"_monsterinsights_skip_tracking":false,"_monsterinsights_sitenote_active":false,"_monsterinsights_sitenote_note":"","_monsterinsights_sitenote_category":0,"site-sidebar-layout":"no-sidebar","site-content-layout":"","ast-site-content-layout":"full-width-container","site-content-style":"default","site-sidebar-style":"default","ast-global-header-display":"","ast-banner-title-visibility":"","ast-main-header-display":"","ast-hfb-above-header-display":"","ast-hfb-below-header-display":"","ast-hfb-mobile-header-display":"","site-post-title":"disabled","ast-breadcrumbs-content":"","ast-featured-img":"disabled","footer-sml-layout":"","ast-disable-related-posts":"","theme-transparent-header-meta":"enabled","adv-header-id-meta":"","stick-header-meta":"default","header-above-stick-meta":"","header-main-stick-meta":"","header-below-stick-meta":"","astra-migrate-meta-layouts":"default","ast-page-background-enabled":"default","ast-page-background-meta":{"desktop":{"background-color":"var(--ast-global-color-5)","background-image":"","background-repeat":"repeat","background-position":"center center","background-size":"auto","background-attachment":"scroll","background-type":"","background-media":"","overlay-type":"","overlay-color":"","overlay-opacity":"","overlay-gradient":""},"tablet":{"background-color":"","background-image":"","background-repeat":"repeat","background-position":"center center","background-size":"auto","background-attachment":"scroll","background-type":"","background-media":"","overlay-type":"","overlay-color":"","overlay-opacity":"","overlay-gradient":""},"mobile":{"background-color":"","background-image":"","background-repeat":"repeat","background-position":"center center","background-size":"auto","background-attachment":"scroll","background-type":"","background-media":"","overlay-type":"","overlay-color":"","overlay-opacity":"","overlay-gradient":""}},"ast-content-background-meta":{"desktop":{"background-color":"var(--ast-global-color-4)","background-image":"","background-repeat":"repeat","background-position":"center center","background-size":"auto","background-attachment":"scroll","background-type":"","background-media":"","overlay-type":"","overlay-color":"","overlay-opacity":"","overlay-gradient":""},"tablet":{"background-color":"var(--ast-global-color-4)","background-image":"","background-repeat":"repeat","background-position":"center center","background-size":"auto","background-attachment":"scroll","background-type":"","background-media":"","overlay-type":"","overlay-color":"","overlay-opacity":"","overlay-gradient":""},"mobile":{"background-color":"var(--ast-global-color-4)","background-image":"","background-repeat":"repeat","background-position":"center center","background-size":"auto","background-attachment":"scroll","background-type":"","background-media":"","overlay-type":"","overlay-color":"","overlay-opacity":"","overlay-gradient":""}},"footnotes":""},"class_list":["post-1535","page","type-page","status-publish","has-post-thumbnail","hentry"],"aioseo_notices":[],"_links":{"self":[{"href":"https:\/\/valeriesajdik.com\/en\/wp-json\/wp\/v2\/pages\/1535","targetHints":{"allow":["GET"]}}],"collection":[{"href":"https:\/\/valeriesajdik.com\/en\/wp-json\/wp\/v2\/pages"}],"about":[{"href":"https:\/\/valeriesajdik.com\/en\/wp-json\/wp\/v2\/types\/page"}],"author":[{"embeddable":true,"href":"https:\/\/valeriesajdik.com\/en\/wp-json\/wp\/v2\/users\/2"}],"replies":[{"embeddable":true,"href":"https:\/\/valeriesajdik.com\/en\/wp-json\/wp\/v2\/comments?post=1535"}],"version-history":[{"count":19,"href":"https:\/\/valeriesajdik.com\/en\/wp-json\/wp\/v2\/pages\/1535\/revisions"}],"predecessor-version":[{"id":1852,"href":"https:\/\/valeriesajdik.com\/en\/wp-json\/wp\/v2\/pages\/1535\/revisions\/1852"}],"up":[{"embeddable":true,"href":"https:\/\/valeriesajdik.com\/en\/wp-json\/wp\/v2\/pages\/1431"}],"wp:featuredmedia":[{"embeddable":true,"href":"https:\/\/valeriesajdik.com\/en\/wp-json\/wp\/v2\/media\/1362"}],"wp:attachment":[{"href":"https:\/\/valeriesajdik.com\/en\/wp-json\/wp\/v2\/media?parent=1535"}],"curies":[{"name":"wp","href":"https:\/\/api.w.org\/{rel}","templated":true}]}}