{"id":3,"date":"2025-04-22T03:58:20","date_gmt":"2025-04-22T01:58:20","guid":{"rendered":"https:\/\/dev.valeriesajdik.com\/?page_id=3"},"modified":"2025-06-23T20:13:20","modified_gmt":"2025-06-23T18:13:20","slug":"cookies-confidentialite","status":"publish","type":"page","link":"https:\/\/valeriesajdik.com\/fr\/cookies-confidentialite\/","title":{"rendered":"Cookies et Confidentialit\u00e9"},"content":{"rendered":"\n<p><strong>Politique de Cookies et de Confidentialit\u00e9<\/strong><\/p>\n\n\n\n<p>Chez valeriesajdik.com, nous nous engageons \u00e0 prot\u00e9ger et \u00e0 respecter votre vie priv\u00e9e. Cette politique explique comment nous utilisons les cookies et traitons vos donn\u00e9es personnelles.<\/p>\n\n\n\n<p><strong>Cookies :<\/strong> Nous utilisons des cookies pour am\u00e9liorer votre exp\u00e9rience sur notre site. Les cookies nous aident \u00e0 comprendre comment vous interagissez avec notre site et \u00e0 personnaliser le contenu. Nous utilisons Google Analytics pour analyser l&rsquo;utilisation du site et Google Console pour surveiller les performances du site.<\/p>\n\n\n\n<p><strong>Collecte de donn\u00e9es :<\/strong> Nous collectons vos adresses e-mail si vous y consentez, pour vous envoyer des newsletters. Vos informations ne seront pas partag\u00e9es avec des tiers sans votre consentement. Vous pouvez vous d\u00e9sabonner \u00e0 tout moment par le biais de la newsletter ou en nous nous contactant par le biais du <a href=\"https:\/\/valeriesajdik.com\/fr\/contact\/\" title=\"Contact\">formulaire de contact<\/a>.<\/p>\n\n\n\n<p><strong>Responsable des donn\u00e9es :<\/strong> Val\u00e9rie Sajdik est responsable du contenu et de la gestion des donn\u00e9es sur ce site. Pour toute question ou pr\u00e9occupation concernant vos donn\u00e9es personnelles, vous pouvez la contacter par le biais du formulaire de contact.<\/p>\n\n\n\n<p><strong>Consentement :<\/strong> En utilisant notre site, vous consentez \u00e0 l&rsquo;utilisation de cookies conform\u00e9ment \u00e0 cette politique. Vous pouvez g\u00e9rer ou d\u00e9sactiver les cookies dans les param\u00e8tres de votre navigateur.<\/p>\n\n\n\n<p>Si vous avez des questions concernant notre politique de cookies et de confidentialit\u00e9, n&rsquo;h\u00e9sitez pas \u00e0 nous contacter.<\/p>\n","protected":false},"excerpt":{"rendered":"<p>Politique de Cookies et de Confidentialit\u00e9 Chez valeriesajdik.com, nous nous engageons \u00e0 prot\u00e9ger et \u00e0 respecter votre vie priv\u00e9e. Cette [&hellip;]<\/p>\n","protected":false},"author":1,"featured_media":0,"parent":0,"menu_order":0,"comment_status":"closed","ping_status":"open","template":"","meta":{"_monsterinsights_skip_tracking":false,"_monsterinsights_sitenote_active":false,"_monsterinsights_sitenote_note":"","_monsterinsights_sitenote_category":0,"site-sidebar-layout":"default","site-content-layout":"","ast-site-content-layout":"default","site-content-style":"default","site-sidebar-style":"default","ast-global-header-display":"","ast-banner-title-visibility":"","ast-main-header-display":"","ast-hfb-above-header-display":"","ast-hfb-below-header-display":"","ast-hfb-mobile-header-display":"","site-post-title":"","ast-breadcrumbs-content":"","ast-featured-img":"","footer-sml-layout":"","ast-disable-related-posts":"","theme-transparent-header-meta":"","adv-header-id-meta":"","stick-header-meta":"","header-above-stick-meta":"","header-main-stick-meta":"","header-below-stick-meta":"","astra-migrate-meta-layouts":"default","ast-page-background-enabled":"default","ast-page-background-meta":{"desktop":{"background-color":"var(--ast-global-color-5)","background-image":"","background-repeat":"repeat","background-position":"center center","background-size":"auto","background-attachment":"scroll","background-type":"","background-media":"","overlay-type":"","overlay-color":"","overlay-opacity":"","overlay-gradient":""},"tablet":{"background-color":"","background-image":"","background-repeat":"repeat","background-position":"center center","background-size":"auto","background-attachment":"scroll","background-type":"","background-media":"","overlay-type":"","overlay-color":"","overlay-opacity":"","overlay-gradient":""},"mobile":{"background-color":"","background-image":"","background-repeat":"repeat","background-position":"center center","background-size":"auto","background-attachment":"scroll","background-type":"","background-media":"","overlay-type":"","overlay-color":"","overlay-opacity":"","overlay-gradient":""}},"ast-content-background-meta":{"desktop":{"background-color":"var(--ast-global-color-4)","background-image":"","background-repeat":"repeat","background-position":"center center","background-size":"auto","background-attachment":"scroll","background-type":"","background-media":"","overlay-type":"","overlay-color":"","overlay-opacity":"","overlay-gradient":""},"tablet":{"background-color":"var(--ast-global-color-4)","background-image":"","background-repeat":"repeat","background-position":"center center","background-size":"auto","background-attachment":"scroll","background-type":"","background-media":"","overlay-type":"","overlay-color":"","overlay-opacity":"","overlay-gradient":""},"mobile":{"background-color":"var(--ast-global-color-4)","background-image":"","background-repeat":"repeat","background-position":"center center","background-size":"auto","background-attachment":"scroll","background-type":"","background-media":"","overlay-type":"","overlay-color":"","overlay-opacity":"","overlay-gradient":""}},"footnotes":""},"class_list":["post-3","page","type-page","status-publish","hentry"],"aioseo_notices":[],"_links":{"self":[{"href":"https:\/\/valeriesajdik.com\/fr\/wp-json\/wp\/v2\/pages\/3","targetHints":{"allow":["GET"]}}],"collection":[{"href":"https:\/\/valeriesajdik.com\/fr\/wp-json\/wp\/v2\/pages"}],"about":[{"href":"https:\/\/valeriesajdik.com\/fr\/wp-json\/wp\/v2\/types\/page"}],"author":[{"embeddable":true,"href":"https:\/\/valeriesajdik.com\/fr\/wp-json\/wp\/v2\/users\/1"}],"replies":[{"embeddable":true,"href":"https:\/\/valeriesajdik.com\/fr\/wp-json\/wp\/v2\/comments?post=3"}],"version-history":[{"count":3,"href":"https:\/\/valeriesajdik.com\/fr\/wp-json\/wp\/v2\/pages\/3\/revisions"}],"predecessor-version":[{"id":2006,"href":"https:\/\/valeriesajdik.com\/fr\/wp-json\/wp\/v2\/pages\/3\/revisions\/2006"}],"wp:attachment":[{"href":"https:\/\/valeriesajdik.com\/fr\/wp-json\/wp\/v2\/media?parent=3"}],"curies":[{"name":"wp","href":"https:\/\/api.w.org\/{rel}","templated":true}]}}