{"id":73,"date":"2025-05-14T11:43:33","date_gmt":"2025-05-14T09:43:33","guid":{"rendered":"https:\/\/dev.valeriesajdik.com\/?page_id=73"},"modified":"2025-06-26T16:54:21","modified_gmt":"2025-06-26T14:54:21","slug":"bio","status":"publish","type":"page","link":"https:\/\/valeriesajdik.com\/fr\/bio\/","title":{"rendered":"Bio"},"content":{"rendered":"\t\t<div data-elementor-type=\"wp-page\" data-elementor-id=\"73\" class=\"elementor elementor-73\" data-elementor-post-type=\"page\">\n\t\t\t\t<div class=\"elementor-element elementor-element-249eb05a e-con-full e-flex e-con e-parent\" data-id=\"249eb05a\" data-element_type=\"container\" data-e-type=\"container\">\n\t\t\t\t<div class=\"elementor-element elementor-element-2018a2b0 elementor--v-position-bottom elementor--h-position-center elementor-widget elementor-widget-slides\" data-id=\"2018a2b0\" data-element_type=\"widget\" data-e-type=\"widget\" data-settings=\"{&quot;navigation&quot;:&quot;none&quot;,&quot;transition&quot;:&quot;slide&quot;,&quot;transition_speed&quot;:500}\" data-widget_type=\"slides.default\">\n\t\t\t\t<div class=\"elementor-widget-container\">\n\t\t\t\t\t\t\t\t\t<div class=\"elementor-swiper\">\n\t\t\t\t\t<div class=\"elementor-slides-wrapper elementor-main-swiper swiper\" role=\"region\" aria-roledescription=\"carousel\" aria-label=\"HERO\" dir=\"ltr\" data-animation=\"fadeInUp\">\n\t\t\t\t<div class=\"swiper-wrapper elementor-slides\">\n\t\t\t\t\t\t\t\t\t\t<div class=\"elementor-repeater-item-c18b494 swiper-slide\" role=\"group\" aria-roledescription=\"slide\"><div class=\"swiper-slide-bg\" role=\"img\" aria-label=\"Album AMITIES - LA MER - Valerie Sajdik, 2025\"><\/div><div class=\"swiper-slide-inner\" ><div class=\"swiper-slide-contents\"><div class=\"elementor-slide-heading\">Biographie<\/div><div class=\"elementor-slide-description\">Mon histoire<\/div><\/div><\/div><\/div>\t\t\t\t<\/div>\n\t\t\t\t\t\t\t<\/div>\n\t\t\t\t<\/div>\n\t\t\t\t\t\t\t\t<\/div>\n\t\t\t\t<\/div>\n\t\t\t\t<\/div>\n\t\t<div class=\"elementor-element elementor-element-ed7b611 e-flex e-con-boxed e-con e-parent\" data-id=\"ed7b611\" data-element_type=\"container\" data-e-type=\"container\" data-settings=\"{&quot;background_background&quot;:&quot;classic&quot;}\">\n\t\t\t\t\t<div class=\"e-con-inner\">\n\t\t<div class=\"elementor-element elementor-element-16ba057 e-con-full e-flex e-con e-child\" data-id=\"16ba057\" data-element_type=\"container\" data-e-type=\"container\">\n\t\t\t\t<div class=\"elementor-element elementor-element-c6711b3 elementor-widget elementor-widget-heading\" data-id=\"c6711b3\" data-element_type=\"widget\" data-e-type=\"widget\" data-widget_type=\"heading.default\">\n\t\t\t\t<div class=\"elementor-widget-container\">\n\t\t\t\t\t<h1 class=\"elementor-heading-title elementor-size-default\">BIOGRAPHIE DE VALERIE SAJDIK<\/h1>\t\t\t\t<\/div>\n\t\t\t\t<\/div>\n\t\t\t\t<div class=\"elementor-element elementor-element-397c760 elementor-widget-divider--view-line elementor-widget elementor-widget-divider\" data-id=\"397c760\" data-element_type=\"widget\" data-e-type=\"widget\" data-widget_type=\"divider.default\">\n\t\t\t\t<div class=\"elementor-widget-container\">\n\t\t\t\t\t\t\t<div class=\"elementor-divider\">\n\t\t\t<span class=\"elementor-divider-separator\">\n\t\t\t\t\t\t<\/span>\n\t\t<\/div>\n\t\t\t\t\t\t<\/div>\n\t\t\t\t<\/div>\n\t\t\t\t<div class=\"elementor-element elementor-element-9dd39b5 elementor-widget elementor-widget-text-editor\" data-id=\"9dd39b5\" data-element_type=\"widget\" data-e-type=\"widget\" data-widget_type=\"text-editor.default\">\n\t\t\t\t<div class=\"elementor-widget-container\">\n\t\t\t\t\t\t\t\t\t<div class=\"wbp_wrapper\"><p>N\u00e9e en Autriche et enfance \u00e0 Moscou, Gen\u00e8ve et Etats Unis, Val\u00e9rie Sajdik est une chanteuse qui ne cesse de fasciner par la diversit\u00e9 de son r\u00e9pertoire et sa mani\u00e8re unique de c\u00e9l\u00e9brer la culture.<\/p><p>Son art est une interaction vivante entre la musique, la langue et l&rsquo;art de la narration, qui d\u00e9passe les fronti\u00e8res des nations et des langues.<\/p><p>Dans ses r\u00e9citals, elle alterne habilement entre le fran\u00e7ais, l&rsquo;allemand et l&rsquo;anglais, cr\u00e9ant ainsi un pont entre les cultures d&rsquo;Europe.<\/p><p>Ce multilinguisme n&rsquo;est pas seulement une marque de fabrique, mais aussi l&rsquo;expression de son amour pour l&rsquo;Europe et la diversit\u00e9 que le continent a \u00e0 offrir.<\/p><\/div>\t\t\t\t\t\t\t\t<\/div>\n\t\t\t\t<\/div>\n\t\t\t\t<\/div>\n\t\t\t\t\t<\/div>\n\t\t\t\t<\/div>\n\t\t<div class=\"elementor-element elementor-element-4074756 e-flex e-con-boxed e-con e-parent\" data-id=\"4074756\" data-element_type=\"container\" data-e-type=\"container\">\n\t\t\t\t\t<div class=\"e-con-inner\">\n\t\t<div class=\"elementor-element elementor-element-7d32092 e-con-full e-flex e-con e-child\" data-id=\"7d32092\" data-element_type=\"container\" data-e-type=\"container\">\n\t\t\t\t<div class=\"elementor-element elementor-element-6f0c9aa elementor-widget elementor-widget-text-editor\" data-id=\"6f0c9aa\" data-element_type=\"widget\" data-e-type=\"widget\" data-widget_type=\"text-editor.default\">\n\t\t\t\t<div class=\"elementor-widget-container\">\n\t\t\t\t\t\t\t\t\t<p>S\u00e9lection<\/p>\t\t\t\t\t\t\t\t<\/div>\n\t\t\t\t<\/div>\n\t\t\t\t<div class=\"elementor-element elementor-element-aeae448 elementor-widget elementor-widget-heading\" data-id=\"aeae448\" data-element_type=\"widget\" data-e-type=\"widget\" data-widget_type=\"heading.default\">\n\t\t\t\t<div class=\"elementor-widget-container\">\n\t\t\t\t\t<h2 class=\"elementor-heading-title elementor-size-default\">Sc\u00e8nes de concert<\/h2>\t\t\t\t<\/div>\n\t\t\t\t<\/div>\n\t\t\t\t<div class=\"elementor-element elementor-element-607a1b3 elementor-widget elementor-widget-text-editor\" data-id=\"607a1b3\" data-element_type=\"widget\" data-e-type=\"widget\" data-widget_type=\"text-editor.default\">\n\t\t\t\t<div class=\"elementor-widget-container\">\n\t\t\t\t\t\t\t\t\t<div class=\"wbp_wrapper\"><p>2024 : A New York,\u00a0 Valerie enchante les spectateurs de la <a href=\"https:\/\/www.broadwayworld.com\/cabaret\/article\/Review-Valerie-Sajdik-Captivates-the-Crowd-at-Neue-Galeries-Cafe-Sabarsky-20240414\" target=\"_blank\" rel=\"nofollow noopener\">Neue Galerie&rsquo;s Cafe Sabarsky<\/a> avec John di Martino.<\/p><p>2023 : Ouverture du Festival de Th\u00e9\u00e2tre de Vienne, en Autriche, sur la place de l&rsquo;h\u00f4tel de ville devant plusieurs milliers de personnes et en direct sur la t\u00e9l\u00e9vision autrichienne.<\/p><p>2023 : Grande salle du Konzerthaus de Vienne, avec \u00ab Paris, je t&rsquo;aime \u00bb et bien d&rsquo;autres choses encore.<\/p><p>Depuis 2018, concerts r\u00e9guliers \u00e0 la Neue Galerie \u00e0 New York City dans le cadre des Cabaret Series.<\/p><p>Autres \u00e9tapes : <br \/>P\u00e9kin, <br \/>Shanghai, <br \/>Estonie, <br \/>France, <br \/>Allemagne, <br \/>Suisse, <br \/>Su\u00e8de,<br \/>et bien d&rsquo;autres.<\/p><p>2012 : Finaliste des Jeux de la Francophonie \u00e0 Nice &#8211; retransmission sur TV5 Monde.<\/p><\/div><p>2010 : Jeux de la Francophonie \u00e0 Vancouver.<\/p><p>2010: Tourn\u00e9e avec Jools Holland en Autriche, Suisse et Allemagne<\/p>\t\t\t\t\t\t\t\t<\/div>\n\t\t\t\t<\/div>\n\t\t\t\t<\/div>\n\t\t<div class=\"elementor-element elementor-element-ab35e1a e-con-full e-flex e-con e-child\" data-id=\"ab35e1a\" data-element_type=\"container\" data-e-type=\"container\">\n\t\t\t\t<div class=\"elementor-element elementor-element-eb3f7ad elementor-widget elementor-widget-image\" data-id=\"eb3f7ad\" data-element_type=\"widget\" data-e-type=\"widget\" data-widget_type=\"image.default\">\n\t\t\t\t<div class=\"elementor-widget-container\">\n\t\t\t\t\t\t\t\t\t\t\t\t\t\t\t<img fetchpriority=\"high\" decoding=\"async\" width=\"450\" height=\"600\" src=\"https:\/\/valeriesajdik.com\/wp-content\/uploads\/2025\/05\/Valerie-Sajdik-Biographie-1.jpg\" class=\"attachment-full size-full wp-image-203\" alt=\"\" srcset=\"https:\/\/valeriesajdik.com\/wp-content\/uploads\/2025\/05\/Valerie-Sajdik-Biographie-1.jpg 450w, https:\/\/valeriesajdik.com\/wp-content\/uploads\/2025\/05\/Valerie-Sajdik-Biographie-1-225x300.jpg 225w, https:\/\/valeriesajdik.com\/wp-content\/uploads\/2025\/05\/Valerie-Sajdik-Biographie-1-300x400.jpg 300w\" sizes=\"(max-width: 450px) 100vw, 450px\" \/>\t\t\t\t\t\t\t\t\t\t\t\t\t\t\t<\/div>\n\t\t\t\t<\/div>\n\t\t\t\t<\/div>\n\t\t\t\t\t<\/div>\n\t\t\t\t<\/div>\n\t\t<div class=\"elementor-element elementor-element-ca3fed7 e-flex e-con-boxed e-con e-parent\" data-id=\"ca3fed7\" data-element_type=\"container\" data-e-type=\"container\" data-settings=\"{&quot;background_background&quot;:&quot;classic&quot;}\">\n\t\t\t\t\t<div class=\"e-con-inner\">\n\t\t<div class=\"elementor-element elementor-element-9a545e4 e-con-full e-flex e-con e-child\" data-id=\"9a545e4\" data-element_type=\"container\" data-e-type=\"container\">\n\t\t\t\t<div class=\"elementor-element elementor-element-037f44a elementor-widget elementor-widget-image\" data-id=\"037f44a\" data-element_type=\"widget\" data-e-type=\"widget\" data-widget_type=\"image.default\">\n\t\t\t\t<div class=\"elementor-widget-container\">\n\t\t\t\t\t\t\t\t\t\t\t\t\t\t\t<img decoding=\"async\" width=\"399\" height=\"600\" src=\"https:\/\/valeriesajdik.com\/wp-content\/uploads\/2025\/05\/Valerie-Sajdik-Portraits-014.jpg\" class=\"attachment-full size-full wp-image-245\" alt=\"\" srcset=\"https:\/\/valeriesajdik.com\/wp-content\/uploads\/2025\/05\/Valerie-Sajdik-Portraits-014.jpg 399w, https:\/\/valeriesajdik.com\/wp-content\/uploads\/2025\/05\/Valerie-Sajdik-Portraits-014-200x300.jpg 200w\" sizes=\"(max-width: 399px) 100vw, 399px\" \/>\t\t\t\t\t\t\t\t\t\t\t\t\t\t\t<\/div>\n\t\t\t\t<\/div>\n\t\t\t\t<\/div>\n\t\t<div class=\"elementor-element elementor-element-d5dc490 e-con-full e-flex e-con e-child\" data-id=\"d5dc490\" data-element_type=\"container\" data-e-type=\"container\">\n\t\t\t\t<div class=\"elementor-element elementor-element-e41363d elementor-widget elementor-widget-heading\" data-id=\"e41363d\" data-element_type=\"widget\" data-e-type=\"widget\" data-widget_type=\"heading.default\">\n\t\t\t\t<div class=\"elementor-widget-container\">\n\t\t\t\t\t<h2 class=\"elementor-heading-title elementor-size-default\">Projets<\/h2>\t\t\t\t<\/div>\n\t\t\t\t<\/div>\n\t\t\t\t<div class=\"elementor-element elementor-element-4956516 elementor-widget elementor-widget-text-editor\" data-id=\"4956516\" data-element_type=\"widget\" data-e-type=\"widget\" data-widget_type=\"text-editor.default\">\n\t\t\t\t<div class=\"elementor-widget-container\">\n\t\t\t\t\t\t\t\t\t<p>Val\u00e9rie Sajdik est connue en tant que chanteuse du projet Saint Privat.<\/p><p>Leur single Boom Boom Click est mis en vedette dans la saison 3 de la s\u00e9rie Netflix Emily in Paris,\u00a0et utilis\u00e9 sur le tapis rouge lors de l&rsquo;ouverture du Festival du film de Cannes en 2024.<\/p><p>En 2019, la chanson Poisson Rouge est jou\u00e9e dans le film hollywoodien A Simple Favor et devient un succ\u00e8s de streaming de plusieurs millions de personnes. <br \/>Ce titre a r\u00e9cemment aussi \u00e9t\u00e9 utilis\u00e9 dans la nouvelle s\u00e9rie Etoiles sur Prime avec Charlotte Gainsbourg, sortie avril 2025 avec une pop up performance d\u2019une danseuse de ballet dans la fameuse Grand Central Station.<\/p><p>Elle s&rsquo;est produite sur sc\u00e8ne avec des stars comme le pianiste Jools Holland et Charlie Watts. <br \/>Jools Holland, pianiste et pr\u00e9sentateur de l&rsquo;\u00e9mission de la BBC Later&#8230; with Jools Holland a dit de Valerie : <br \/>\u00ab What a stage presence ! \u00bb<\/p>\t\t\t\t\t\t\t\t<\/div>\n\t\t\t\t<\/div>\n\t\t\t\t<\/div>\n\t\t\t\t\t<\/div>\n\t\t\t\t<\/div>\n\t\t<div class=\"elementor-element elementor-element-4527785 e-flex e-con-boxed e-con e-parent\" data-id=\"4527785\" data-element_type=\"container\" data-e-type=\"container\" data-settings=\"{&quot;background_background&quot;:&quot;classic&quot;}\">\n\t\t\t\t\t<div class=\"e-con-inner\">\n\t\t<div class=\"elementor-element elementor-element-fdf0337 e-con-full e-flex e-con e-child\" data-id=\"fdf0337\" data-element_type=\"container\" data-e-type=\"container\">\n\t\t\t\t<div class=\"elementor-element elementor-element-c702bb2 elementor-widget elementor-widget-heading\" data-id=\"c702bb2\" data-element_type=\"widget\" data-e-type=\"widget\" data-widget_type=\"heading.default\">\n\t\t\t\t<div class=\"elementor-widget-container\">\n\t\t\t\t\t<h2 class=\"elementor-heading-title elementor-size-default\">Albums<\/h2>\t\t\t\t<\/div>\n\t\t\t\t<\/div>\n\t\t\t\t<div class=\"elementor-element elementor-element-85d670c elementor-widget elementor-widget-text-editor\" data-id=\"85d670c\" data-element_type=\"widget\" data-e-type=\"widget\" data-widget_type=\"text-editor.default\">\n\t\t\t\t<div class=\"elementor-widget-container\">\n\t\t\t\t\t\t\t\t\t<p><em><strong>Stella Story<\/strong><\/em>, 2002<\/p><p><em><strong>Riviera<\/strong><\/em>, Saint Privat, 2005<\/p><p><em><strong>Superflu<\/strong><\/em>, Saint Privat, 2007<\/p><p><em><strong>Picknick<\/strong><\/em>, 2008<\/p><p><em><strong>Ich bin du bist<\/strong><\/em>, 2010<\/p><p><em><strong>Les Nuits Blanches<\/strong><\/em>, 2012<\/p><p><em><strong>Funambule<\/strong><\/em>, 2021<\/p><p><strong>Apr\u00e8s la Boh\u00e8me<\/strong>, Saint Privat, 2023<\/p><p><strong>Amiti\u00e9s<\/strong>, 2025<\/p>\t\t\t\t\t\t\t\t<\/div>\n\t\t\t\t<\/div>\n\t\t\t\t<\/div>\n\t\t<div class=\"elementor-element elementor-element-6f834bd e-con-full e-flex e-con e-child\" data-id=\"6f834bd\" data-element_type=\"container\" data-e-type=\"container\">\n\t\t\t\t<div class=\"elementor-element elementor-element-6d718e6 elementor-widget elementor-widget-image\" data-id=\"6d718e6\" data-element_type=\"widget\" data-e-type=\"widget\" data-widget_type=\"image.default\">\n\t\t\t\t<div class=\"elementor-widget-container\">\n\t\t\t\t\t\t\t\t\t\t\t\t\t\t\t<img decoding=\"async\" width=\"534\" height=\"800\" src=\"https:\/\/valeriesajdik.com\/wp-content\/uploads\/2025\/05\/Valerie-Sajdik-Nuits-Blanches-012.jpg\" class=\"attachment-full size-full wp-image-256\" alt=\"\" srcset=\"https:\/\/valeriesajdik.com\/wp-content\/uploads\/2025\/05\/Valerie-Sajdik-Nuits-Blanches-012.jpg 534w, https:\/\/valeriesajdik.com\/wp-content\/uploads\/2025\/05\/Valerie-Sajdik-Nuits-Blanches-012-200x300.jpg 200w\" sizes=\"(max-width: 534px) 100vw, 534px\" \/>\t\t\t\t\t\t\t\t\t\t\t\t\t\t\t<\/div>\n\t\t\t\t<\/div>\n\t\t\t\t<\/div>\n\t\t\t\t\t<\/div>\n\t\t\t\t<\/div>\n\t\t<div class=\"elementor-element elementor-element-f9ddb47 e-flex e-con-boxed e-con e-parent\" data-id=\"f9ddb47\" data-element_type=\"container\" data-e-type=\"container\">\n\t\t\t\t\t<div class=\"e-con-inner\">\n\t\t<div class=\"elementor-element elementor-element-addcaf3 e-con-full e-flex e-con e-child\" data-id=\"addcaf3\" data-element_type=\"container\" data-e-type=\"container\">\n\t\t\t\t<div class=\"elementor-element elementor-element-3a96458 elementor-widget elementor-widget-image\" data-id=\"3a96458\" data-element_type=\"widget\" data-e-type=\"widget\" data-widget_type=\"image.default\">\n\t\t\t\t<div class=\"elementor-widget-container\">\n\t\t\t\t\t\t\t\t\t\t\t\t\t\t\t<img loading=\"lazy\" decoding=\"async\" width=\"850\" height=\"1280\" src=\"https:\/\/valeriesajdik.com\/wp-content\/uploads\/2025\/05\/Valerie-Sajdik-Concerts-004.jpg\" class=\"attachment-full size-full wp-image-265\" alt=\"\" srcset=\"https:\/\/valeriesajdik.com\/wp-content\/uploads\/2025\/05\/Valerie-Sajdik-Concerts-004.jpg 850w, https:\/\/valeriesajdik.com\/wp-content\/uploads\/2025\/05\/Valerie-Sajdik-Concerts-004-199x300.jpg 199w, https:\/\/valeriesajdik.com\/wp-content\/uploads\/2025\/05\/Valerie-Sajdik-Concerts-004-680x1024.jpg 680w, https:\/\/valeriesajdik.com\/wp-content\/uploads\/2025\/05\/Valerie-Sajdik-Concerts-004-768x1157.jpg 768w\" sizes=\"(max-width: 850px) 100vw, 850px\" \/>\t\t\t\t\t\t\t\t\t\t\t\t\t\t\t<\/div>\n\t\t\t\t<\/div>\n\t\t\t\t<\/div>\n\t\t<div class=\"elementor-element elementor-element-4b5a49f e-con-full e-flex e-con e-child\" data-id=\"4b5a49f\" data-element_type=\"container\" data-e-type=\"container\">\n\t\t\t\t<div class=\"elementor-element elementor-element-0482007 elementor-widget elementor-widget-heading\" data-id=\"0482007\" data-element_type=\"widget\" data-e-type=\"widget\" data-widget_type=\"heading.default\">\n\t\t\t\t<div class=\"elementor-widget-container\">\n\t\t\t\t\t<h2 class=\"elementor-heading-title elementor-size-default\">R\u00e9compenses<\/h2>\t\t\t\t<\/div>\n\t\t\t\t<\/div>\n\t\t\t\t<div class=\"elementor-element elementor-element-53201dd elementor-widget elementor-widget-text-editor\" data-id=\"53201dd\" data-element_type=\"widget\" data-e-type=\"widget\" data-widget_type=\"text-editor.default\">\n\t\t\t\t<div class=\"elementor-widget-container\">\n\t\t\t\t\t\t\t\t\t<p><strong>Amadeus Austrian Music Awards<\/strong> dans la <strong>cat\u00e9gorie \u00abD\u00e9couverte de l\u2019ann\u00e9e\u00bb<\/strong>\u00a0avec <strong><em>Saint Privat<\/em><\/strong> en 2005.<\/p><p><strong>Amadeus Austrian Music Award<\/strong> dans la <strong>cat\u00e9gorie \u00abChanson de l\u2019ann\u00e9e\u00bb<\/strong> pour <em><strong>Ma\u0308dchen <\/strong><\/em>en 2008.<\/p>\t\t\t\t\t\t\t\t<\/div>\n\t\t\t\t<\/div>\n\t\t\t\t<\/div>\n\t\t\t\t\t<\/div>\n\t\t\t\t<\/div>\n\t\t\t\t<\/div>\n\t\t","protected":false},"excerpt":{"rendered":"<p>BiographieMon histoire BIOGRAPHIE DE VALERIE SAJDIK N\u00e9e en Autriche et enfance \u00e0 Moscou, Gen\u00e8ve et Etats Unis, Val\u00e9rie Sajdik est [&hellip;]<\/p>\n","protected":false},"author":1,"featured_media":0,"parent":0,"menu_order":4,"comment_status":"closed","ping_status":"closed","template":"","meta":{"_monsterinsights_skip_tracking":false,"_monsterinsights_sitenote_active":false,"_monsterinsights_sitenote_note":"","_monsterinsights_sitenote_category":0,"site-sidebar-layout":"no-sidebar","site-content-layout":"","ast-site-content-layout":"full-width-container","site-content-style":"default","site-sidebar-style":"default","ast-global-header-display":"","ast-banner-title-visibility":"","ast-main-header-display":"","ast-hfb-above-header-display":"","ast-hfb-below-header-display":"","ast-hfb-mobile-header-display":"","site-post-title":"disabled","ast-breadcrumbs-content":"","ast-featured-img":"disabled","footer-sml-layout":"","ast-disable-related-posts":"","theme-transparent-header-meta":"enabled","adv-header-id-meta":"","stick-header-meta":"default","header-above-stick-meta":"","header-main-stick-meta":"","header-below-stick-meta":"","astra-migrate-meta-layouts":"default","ast-page-background-enabled":"default","ast-page-background-meta":{"desktop":{"background-color":"var(--ast-global-color-5)","background-image":"","background-repeat":"repeat","background-position":"center center","background-size":"auto","background-attachment":"scroll","background-type":"","background-media":"","overlay-type":"","overlay-color":"","overlay-opacity":"","overlay-gradient":""},"tablet":{"background-color":"","background-image":"","background-repeat":"repeat","background-position":"center center","background-size":"auto","background-attachment":"scroll","background-type":"","background-media":"","overlay-type":"","overlay-color":"","overlay-opacity":"","overlay-gradient":""},"mobile":{"background-color":"","background-image":"","background-repeat":"repeat","background-position":"center center","background-size":"auto","background-attachment":"scroll","background-type":"","background-media":"","overlay-type":"","overlay-color":"","overlay-opacity":"","overlay-gradient":""}},"ast-content-background-meta":{"desktop":{"background-color":"var(--ast-global-color-4)","background-image":"","background-repeat":"repeat","background-position":"center center","background-size":"auto","background-attachment":"scroll","background-type":"","background-media":"","overlay-type":"","overlay-color":"","overlay-opacity":"","overlay-gradient":""},"tablet":{"background-color":"var(--ast-global-color-4)","background-image":"","background-repeat":"repeat","background-position":"center center","background-size":"auto","background-attachment":"scroll","background-type":"","background-media":"","overlay-type":"","overlay-color":"","overlay-opacity":"","overlay-gradient":""},"mobile":{"background-color":"var(--ast-global-color-4)","background-image":"","background-repeat":"repeat","background-position":"center center","background-size":"auto","background-attachment":"scroll","background-type":"","background-media":"","overlay-type":"","overlay-color":"","overlay-opacity":"","overlay-gradient":""}},"footnotes":""},"class_list":["post-73","page","type-page","status-publish","hentry"],"aioseo_notices":[],"_links":{"self":[{"href":"https:\/\/valeriesajdik.com\/fr\/wp-json\/wp\/v2\/pages\/73","targetHints":{"allow":["GET"]}}],"collection":[{"href":"https:\/\/valeriesajdik.com\/fr\/wp-json\/wp\/v2\/pages"}],"about":[{"href":"https:\/\/valeriesajdik.com\/fr\/wp-json\/wp\/v2\/types\/page"}],"author":[{"embeddable":true,"href":"https:\/\/valeriesajdik.com\/fr\/wp-json\/wp\/v2\/users\/1"}],"replies":[{"embeddable":true,"href":"https:\/\/valeriesajdik.com\/fr\/wp-json\/wp\/v2\/comments?post=73"}],"version-history":[{"count":18,"href":"https:\/\/valeriesajdik.com\/fr\/wp-json\/wp\/v2\/pages\/73\/revisions"}],"predecessor-version":[{"id":2148,"href":"https:\/\/valeriesajdik.com\/fr\/wp-json\/wp\/v2\/pages\/73\/revisions\/2148"}],"wp:attachment":[{"href":"https:\/\/valeriesajdik.com\/fr\/wp-json\/wp\/v2\/media?parent=73"}],"curies":[{"name":"wp","href":"https:\/\/api.w.org\/{rel}","templated":true}]}}