{"id":812,"date":"2025-05-29T16:06:16","date_gmt":"2025-05-29T14:06:16","guid":{"rendered":"https:\/\/dev.valeriesajdik.com\/?page_id=812"},"modified":"2025-06-23T21:11:57","modified_gmt":"2025-06-23T19:11:57","slug":"saint-privat-collaboration-klaus-waldeck","status":"publish","type":"page","link":"https:\/\/valeriesajdik.com\/fr\/bio\/saint-privat-collaboration-klaus-waldeck\/","title":{"rendered":"Saint Privat &#8211; Collaboration avec Klaus Waldeck"},"content":{"rendered":"\t\t<div data-elementor-type=\"wp-page\" data-elementor-id=\"812\" class=\"elementor elementor-812\" data-elementor-post-type=\"page\">\n\t\t\t\t<div class=\"elementor-element elementor-element-249eb05a e-con-full e-flex e-con e-parent\" data-id=\"249eb05a\" data-element_type=\"container\" data-e-type=\"container\">\n\t\t\t\t<div class=\"elementor-element elementor-element-2018a2b0 elementor--v-position-bottom elementor--h-position-center elementor-widget elementor-widget-slides\" data-id=\"2018a2b0\" data-element_type=\"widget\" data-e-type=\"widget\" data-settings=\"{&quot;navigation&quot;:&quot;none&quot;,&quot;transition&quot;:&quot;slide&quot;,&quot;transition_speed&quot;:500}\" data-widget_type=\"slides.default\">\n\t\t\t\t<div class=\"elementor-widget-container\">\n\t\t\t\t\t\t\t\t\t<div class=\"elementor-swiper\">\n\t\t\t\t\t<div class=\"elementor-slides-wrapper elementor-main-swiper swiper\" role=\"region\" aria-roledescription=\"carousel\" aria-label=\"HERO\" dir=\"ltr\" data-animation=\"fadeInUp\">\n\t\t\t\t<div class=\"swiper-wrapper elementor-slides\">\n\t\t\t\t\t\t\t\t\t\t<div class=\"elementor-repeater-item-c18b494 swiper-slide\" role=\"group\" aria-roledescription=\"slide\"><div class=\"swiper-slide-bg\" role=\"img\" aria-label=\"Saint Privat &amp; collaboration Valerie Sajdik \/ Klaus Waldeck\"><\/div><div class=\"swiper-slide-inner\" ><div class=\"swiper-slide-contents\"><div class=\"elementor-slide-heading\">Saint Privat<\/div><div class=\"elementor-slide-description\">Collaboration Valerie Sajdik & Klaus Waldeck<\/div><\/div><\/div><\/div>\t\t\t\t<\/div>\n\t\t\t\t\t\t\t<\/div>\n\t\t\t\t<\/div>\n\t\t\t\t\t\t\t\t<\/div>\n\t\t\t\t<\/div>\n\t\t\t\t<\/div>\n\t\t<div class=\"elementor-element elementor-element-ed7b611 e-flex e-con-boxed e-con e-parent\" data-id=\"ed7b611\" data-element_type=\"container\" data-e-type=\"container\" data-settings=\"{&quot;background_background&quot;:&quot;classic&quot;}\">\n\t\t\t\t\t<div class=\"e-con-inner\">\n\t\t<div class=\"elementor-element elementor-element-16ba057 e-con-full e-flex e-con e-child\" data-id=\"16ba057\" data-element_type=\"container\" data-e-type=\"container\">\n\t\t\t\t<div class=\"elementor-element elementor-element-fc1f671 elementor-widget elementor-widget-text-editor\" data-id=\"fc1f671\" data-element_type=\"widget\" data-e-type=\"widget\" data-widget_type=\"text-editor.default\">\n\t\t\t\t<div class=\"elementor-widget-container\">\n\t\t\t\t\t\t\t\t\t<p>Le groupe culte autrichien et francophile<\/p>\t\t\t\t\t\t\t\t<\/div>\n\t\t\t\t<\/div>\n\t\t\t\t<div class=\"elementor-element elementor-element-397c760 elementor-widget-divider--view-line elementor-widget elementor-widget-divider\" data-id=\"397c760\" data-element_type=\"widget\" data-e-type=\"widget\" data-widget_type=\"divider.default\">\n\t\t\t\t<div class=\"elementor-widget-container\">\n\t\t\t\t\t\t\t<div class=\"elementor-divider\">\n\t\t\t<span class=\"elementor-divider-separator\">\n\t\t\t\t\t\t<\/span>\n\t\t<\/div>\n\t\t\t\t\t\t<\/div>\n\t\t\t\t<\/div>\n\t\t\t\t<div class=\"elementor-element elementor-element-c6711b3 elementor-widget elementor-widget-heading\" data-id=\"c6711b3\" data-element_type=\"widget\" data-e-type=\"widget\" data-widget_type=\"heading.default\">\n\t\t\t\t<div class=\"elementor-widget-container\">\n\t\t\t\t\t<h1 class=\"elementor-heading-title elementor-size-default\">SAINT PRIVAT<\/h1>\t\t\t\t<\/div>\n\t\t\t\t<\/div>\n\t\t\t\t<div class=\"elementor-element elementor-element-9dd39b5 elementor-widget elementor-widget-text-editor\" data-id=\"9dd39b5\" data-element_type=\"widget\" data-e-type=\"widget\" data-widget_type=\"text-editor.default\">\n\t\t\t\t<div class=\"elementor-widget-container\">\n\t\t\t\t\t\t\t\t\t<div class=\"wbp_wrapper\"><p>Le projet de duo francophone <em>Saint Privat<\/em> est une histoire qui a commenc\u00e9 lors d\u2019un mariage d\u2019\u00e9t\u00e9 \u00e0 Vienne en 2003. Parmi les invit\u00e9s se trouvait le<strong> musicien \u00e9lectronique et producteur Klaus Waldeck<\/strong>, connu pour son album <em>Ballroom Stories<\/em>.<\/p><p>Il a \u00e9t\u00e9 tr\u00e8s impressionn\u00e9 par la chanteuse francophile Valerie Sajdik, qui jouait dans l\u2019orchestre du mariage. \u00c0 l\u2019\u00e9poque, elle travaillait comme <strong>chanteuse de jazz et de pop<\/strong> et avait sorti plusieurs titres en tant qu\u2019artiste solo et dans diff\u00e9rentes formations.<\/p><p>Waldeck invite Valerie dans son studio la semaine suivante et voil\u00e0\u2026 Saint Privat est n\u00e9.<\/p><\/div>\t\t\t\t\t\t\t\t<\/div>\n\t\t\t\t<\/div>\n\t\t\t\t<\/div>\n\t\t\t\t\t<\/div>\n\t\t\t\t<\/div>\n\t\t<div class=\"elementor-element elementor-element-4074756 e-flex e-con-boxed e-con e-parent\" data-id=\"4074756\" data-element_type=\"container\" data-e-type=\"container\">\n\t\t\t\t\t<div class=\"e-con-inner\">\n\t\t<div class=\"elementor-element elementor-element-7d32092 e-con-full e-flex e-con e-child\" data-id=\"7d32092\" data-element_type=\"container\" data-e-type=\"container\">\n\t\t\t\t<div class=\"elementor-element elementor-element-6f0c9aa elementor-widget elementor-widget-text-editor\" data-id=\"6f0c9aa\" data-element_type=\"widget\" data-e-type=\"widget\" data-widget_type=\"text-editor.default\">\n\t\t\t\t<div class=\"elementor-widget-container\">\n\t\t\t\t\t\t\t\t\t<p>S\u00e9lection<\/p>\t\t\t\t\t\t\t\t<\/div>\n\t\t\t\t<\/div>\n\t\t\t\t<div class=\"elementor-element elementor-element-aeae448 elementor-widget elementor-widget-heading\" data-id=\"aeae448\" data-element_type=\"widget\" data-e-type=\"widget\" data-widget_type=\"heading.default\">\n\t\t\t\t<div class=\"elementor-widget-container\">\n\t\t\t\t\t<h2 class=\"elementor-heading-title elementor-size-default\">Riviera, le premier album du duo<\/h2>\t\t\t\t<\/div>\n\t\t\t\t<\/div>\n\t\t\t\t<div class=\"elementor-element elementor-element-607a1b3 elementor-widget elementor-widget-text-editor\" data-id=\"607a1b3\" data-element_type=\"widget\" data-e-type=\"widget\" data-widget_type=\"text-editor.default\">\n\t\t\t\t<div class=\"elementor-widget-container\">\n\t\t\t\t\t\t\t\t\t<div class=\"wbp_wrapper\"><p>Leur premier morceau est une reprise de la composition d\u2019Henry Mancini <em><strong>Nothing to Lose<\/strong><\/em>\u00a0qui est en quelque sorte devenue la devise tacite de leur collaboration.<\/p><p>Le nom du projet <em>Saint Privat<\/em> provient d\u2019un petit village situ\u00e9 dans le sud de la France, o\u00f9 Val\u00e9rie (originaire de Vienne) a choisi de vivre.<\/p><p>Leur premier album <em><strong>Riviera<\/strong>\u00a0<\/em>(2004) a d\u00e9j\u00e0 fa\u00e7onn\u00e9 ce qui allait devenir leur signature sonore : un fin m\u00e9lange de Bossa nova, d\u2019Easy Listening, de Jazz et d\u2019\u00e9l\u00e9ments subtils de sons \u00e9lectroniques \u2013 le tout avec une douce nostalgie qui fait \u00e9cho aux concerts en bord de mer des ann\u00e9es soixante. <strong><em>Riviera<\/em> <\/strong>a \u00e9t\u00e9 r\u00e9compens\u00e9 par le prix de la musique autrichienne en 2005.<\/p><\/div>\t\t\t\t\t\t\t\t<\/div>\n\t\t\t\t<\/div>\n\t\t\t\t<\/div>\n\t\t<div class=\"elementor-element elementor-element-ab35e1a e-con-full e-flex e-con e-child\" data-id=\"ab35e1a\" data-element_type=\"container\" data-e-type=\"container\">\n\t\t\t\t<div class=\"elementor-element elementor-element-eb3f7ad elementor-widget elementor-widget-image\" data-id=\"eb3f7ad\" data-element_type=\"widget\" data-e-type=\"widget\" data-widget_type=\"image.default\">\n\t\t\t\t<div class=\"elementor-widget-container\">\n\t\t\t\t\t\t\t\t\t\t\t\t\t\t\t<img fetchpriority=\"high\" decoding=\"async\" width=\"500\" height=\"500\" src=\"https:\/\/valeriesajdik.com\/wp-content\/uploads\/2025\/05\/Riviera-by-Valerie-Sajdik.jpg\" class=\"attachment-full size-full wp-image-622\" alt=\"Riviera\" srcset=\"https:\/\/valeriesajdik.com\/wp-content\/uploads\/2025\/05\/Riviera-by-Valerie-Sajdik.jpg 500w, https:\/\/valeriesajdik.com\/wp-content\/uploads\/2025\/05\/Riviera-by-Valerie-Sajdik-300x300.jpg 300w, https:\/\/valeriesajdik.com\/wp-content\/uploads\/2025\/05\/Riviera-by-Valerie-Sajdik-150x150.jpg 150w\" sizes=\"(max-width: 500px) 100vw, 500px\" \/>\t\t\t\t\t\t\t\t\t\t\t\t\t\t\t<\/div>\n\t\t\t\t<\/div>\n\t\t\t\t<\/div>\n\t\t\t\t\t<\/div>\n\t\t\t\t<\/div>\n\t\t<div class=\"elementor-element elementor-element-ca3fed7 e-flex e-con-boxed e-con e-parent\" data-id=\"ca3fed7\" data-element_type=\"container\" data-e-type=\"container\" data-settings=\"{&quot;background_background&quot;:&quot;classic&quot;}\">\n\t\t\t\t\t<div class=\"e-con-inner\">\n\t\t<div class=\"elementor-element elementor-element-9a545e4 e-con-full e-flex e-con e-child\" data-id=\"9a545e4\" data-element_type=\"container\" data-e-type=\"container\">\n\t\t\t\t<div class=\"elementor-element elementor-element-037f44a elementor-widget elementor-widget-image\" data-id=\"037f44a\" data-element_type=\"widget\" data-e-type=\"widget\" data-widget_type=\"image.default\">\n\t\t\t\t<div class=\"elementor-widget-container\">\n\t\t\t\t\t\t\t\t\t\t\t\t\t\t\t<img decoding=\"async\" width=\"800\" height=\"800\" src=\"https:\/\/valeriesajdik.com\/wp-content\/uploads\/2025\/05\/Superflu-by-Valerie-Sajdik.jpg\" class=\"attachment-full size-full wp-image-615\" alt=\"Superflu\" srcset=\"https:\/\/valeriesajdik.com\/wp-content\/uploads\/2025\/05\/Superflu-by-Valerie-Sajdik.jpg 800w, https:\/\/valeriesajdik.com\/wp-content\/uploads\/2025\/05\/Superflu-by-Valerie-Sajdik-300x300.jpg 300w, https:\/\/valeriesajdik.com\/wp-content\/uploads\/2025\/05\/Superflu-by-Valerie-Sajdik-150x150.jpg 150w, https:\/\/valeriesajdik.com\/wp-content\/uploads\/2025\/05\/Superflu-by-Valerie-Sajdik-768x768.jpg 768w, https:\/\/valeriesajdik.com\/wp-content\/uploads\/2025\/05\/Superflu-by-Valerie-Sajdik-500x500.jpg 500w\" sizes=\"(max-width: 800px) 100vw, 800px\" \/>\t\t\t\t\t\t\t\t\t\t\t\t\t\t\t<\/div>\n\t\t\t\t<\/div>\n\t\t\t\t<\/div>\n\t\t<div class=\"elementor-element elementor-element-d5dc490 e-con-full e-flex e-con e-child\" data-id=\"d5dc490\" data-element_type=\"container\" data-e-type=\"container\">\n\t\t\t\t<div class=\"elementor-element elementor-element-e41363d elementor-widget elementor-widget-heading\" data-id=\"e41363d\" data-element_type=\"widget\" data-e-type=\"widget\" data-widget_type=\"heading.default\">\n\t\t\t\t<div class=\"elementor-widget-container\">\n\t\t\t\t\t<h2 class=\"elementor-heading-title elementor-size-default\">Superflu et son Poisson Rouge<\/h2>\t\t\t\t<\/div>\n\t\t\t\t<\/div>\n\t\t\t\t<div class=\"elementor-element elementor-element-4956516 elementor-widget elementor-widget-text-editor\" data-id=\"4956516\" data-element_type=\"widget\" data-e-type=\"widget\" data-widget_type=\"text-editor.default\">\n\t\t\t\t<div class=\"elementor-widget-container\">\n\t\t\t\t\t\t\t\t\t<p>Leur deuxi\u00e8me album <strong>Superflu<\/strong>\u00a0(2006) est presque enti\u00e8rement en fran\u00e7ais et de nombreux morceaux ont \u00e9t\u00e9 utilis\u00e9s pour la t\u00e9l\u00e9vision ou le cin\u00e9ma, le plus c\u00e9l\u00e8bre \u00e9tant\u00a0<em><strong>Poisson Rouge<\/strong><\/em> dans le long m\u00e9trage <strong><em>A simple favor<\/em><\/strong> (2018).<\/p>\t\t\t\t\t\t\t\t<\/div>\n\t\t\t\t<\/div>\n\t\t\t\t<\/div>\n\t\t\t\t\t<\/div>\n\t\t\t\t<\/div>\n\t\t<div class=\"elementor-element elementor-element-4527785 e-flex e-con-boxed e-con e-parent\" data-id=\"4527785\" data-element_type=\"container\" data-e-type=\"container\" data-settings=\"{&quot;background_background&quot;:&quot;classic&quot;}\">\n\t\t\t\t\t<div class=\"e-con-inner\">\n\t\t<div class=\"elementor-element elementor-element-fdf0337 e-con-full e-flex e-con e-child\" data-id=\"fdf0337\" data-element_type=\"container\" data-e-type=\"container\">\n\t\t\t\t<div class=\"elementor-element elementor-element-c702bb2 elementor-widget elementor-widget-heading\" data-id=\"c702bb2\" data-element_type=\"widget\" data-e-type=\"widget\" data-widget_type=\"heading.default\">\n\t\t\t\t<div class=\"elementor-widget-container\">\n\t\t\t\t\t<h2 class=\"elementor-heading-title elementor-size-default\">Pause solo, nouveau tempo<\/h2>\t\t\t\t<\/div>\n\t\t\t\t<\/div>\n\t\t\t\t<div class=\"elementor-element elementor-element-85d670c elementor-widget elementor-widget-text-editor\" data-id=\"85d670c\" data-element_type=\"widget\" data-e-type=\"widget\" data-widget_type=\"text-editor.default\">\n\t\t\t\t<div class=\"elementor-widget-container\">\n\t\t\t\t\t\t\t\t\t<p>Les deux premiers albums se sont class\u00e9s avec succ\u00e8s dans les charts autrichiens.<\/p><p>Peu de temps apr\u00e8s la sortie de leur deuxi\u00e8me album, Klaus Waldeck et Valerie Sajdik d\u00e9cident de se s\u00e9parer et poursuivent chacun leur propre carri\u00e8re musicale.<\/p><p>Dix ans plus tard, Valerie a eu l\u2019id\u00e9e de r\u00e9inventer le projet, mais il a fallu encore trois ans pour que les deux ne d\u00e9cident de ce \u00e0 quoi devrait ressembler leur nouvelle musique et leur nouvelle coop\u00e9ration&#8230;<\/p>\t\t\t\t\t\t\t\t<\/div>\n\t\t\t\t<\/div>\n\t\t\t\t<\/div>\n\t\t<div class=\"elementor-element elementor-element-6f834bd e-con-full e-flex e-con e-child\" data-id=\"6f834bd\" data-element_type=\"container\" data-e-type=\"container\">\n\t\t\t\t<div class=\"elementor-element elementor-element-6d718e6 elementor-widget elementor-widget-image\" data-id=\"6d718e6\" data-element_type=\"widget\" data-e-type=\"widget\" data-widget_type=\"image.default\">\n\t\t\t\t<div class=\"elementor-widget-container\">\n\t\t\t\t\t\t\t\t\t\t\t\t\t\t\t<img decoding=\"async\" width=\"1025\" height=\"1280\" src=\"https:\/\/valeriesajdik.com\/wp-content\/uploads\/2025\/05\/valerie-sajdik-klaus-waldeck-saint-privat.webp\" class=\"attachment-full size-full wp-image-830\" alt=\"Saint Privat &amp; collaboration Valerie Sajdik \/ Klaus Waldeck\" srcset=\"https:\/\/valeriesajdik.com\/wp-content\/uploads\/2025\/05\/valerie-sajdik-klaus-waldeck-saint-privat.webp 1025w, https:\/\/valeriesajdik.com\/wp-content\/uploads\/2025\/05\/valerie-sajdik-klaus-waldeck-saint-privat-240x300.webp 240w, https:\/\/valeriesajdik.com\/wp-content\/uploads\/2025\/05\/valerie-sajdik-klaus-waldeck-saint-privat-820x1024.webp 820w, https:\/\/valeriesajdik.com\/wp-content\/uploads\/2025\/05\/valerie-sajdik-klaus-waldeck-saint-privat-768x959.webp 768w, https:\/\/valeriesajdik.com\/wp-content\/uploads\/2025\/05\/valerie-sajdik-klaus-waldeck-saint-privat-10x12.webp 10w\" sizes=\"(max-width: 1025px) 100vw, 1025px\" \/>\t\t\t\t\t\t\t\t\t\t\t\t\t\t\t<\/div>\n\t\t\t\t<\/div>\n\t\t\t\t<\/div>\n\t\t\t\t\t<\/div>\n\t\t\t\t<\/div>\n\t\t<div class=\"elementor-element elementor-element-f9ddb47 e-flex e-con-boxed e-con e-parent\" data-id=\"f9ddb47\" data-element_type=\"container\" data-e-type=\"container\">\n\t\t\t\t\t<div class=\"e-con-inner\">\n\t\t<div class=\"elementor-element elementor-element-addcaf3 e-con-full e-flex e-con e-child\" data-id=\"addcaf3\" data-element_type=\"container\" data-e-type=\"container\">\n\t\t\t\t<div class=\"elementor-element elementor-element-3a96458 elementor-widget elementor-widget-image\" data-id=\"3a96458\" data-element_type=\"widget\" data-e-type=\"widget\" data-widget_type=\"image.default\">\n\t\t\t\t<div class=\"elementor-widget-container\">\n\t\t\t\t\t\t\t\t\t\t\t\t\t\t\t<img loading=\"lazy\" decoding=\"async\" width=\"1280\" height=\"1280\" src=\"https:\/\/valeriesajdik.com\/wp-content\/uploads\/2025\/05\/Apres-la-boheme-Valerie-Sajdik.jpeg\" class=\"attachment-full size-full wp-image-619\" alt=\"Apr\u00e8s la boh\u00e8me\" srcset=\"https:\/\/valeriesajdik.com\/wp-content\/uploads\/2025\/05\/Apres-la-boheme-Valerie-Sajdik.jpeg 1280w, https:\/\/valeriesajdik.com\/wp-content\/uploads\/2025\/05\/Apres-la-boheme-Valerie-Sajdik-300x300.jpeg 300w, https:\/\/valeriesajdik.com\/wp-content\/uploads\/2025\/05\/Apres-la-boheme-Valerie-Sajdik-1024x1024.jpeg 1024w, https:\/\/valeriesajdik.com\/wp-content\/uploads\/2025\/05\/Apres-la-boheme-Valerie-Sajdik-150x150.jpeg 150w, https:\/\/valeriesajdik.com\/wp-content\/uploads\/2025\/05\/Apres-la-boheme-Valerie-Sajdik-768x768.jpeg 768w, https:\/\/valeriesajdik.com\/wp-content\/uploads\/2025\/05\/Apres-la-boheme-Valerie-Sajdik-500x500.jpeg 500w\" sizes=\"(max-width: 1280px) 100vw, 1280px\" \/>\t\t\t\t\t\t\t\t\t\t\t\t\t\t\t<\/div>\n\t\t\t\t<\/div>\n\t\t\t\t<\/div>\n\t\t<div class=\"elementor-element elementor-element-4b5a49f e-con-full e-flex e-con e-child\" data-id=\"4b5a49f\" data-element_type=\"container\" data-e-type=\"container\">\n\t\t\t\t<div class=\"elementor-element elementor-element-0482007 elementor-widget elementor-widget-heading\" data-id=\"0482007\" data-element_type=\"widget\" data-e-type=\"widget\" data-widget_type=\"heading.default\">\n\t\t\t\t<div class=\"elementor-widget-container\">\n\t\t\t\t\t<h2 class=\"elementor-heading-title elementor-size-default\">Apr\u00e8s la Boh\u00e8me<\/h2>\t\t\t\t<\/div>\n\t\t\t\t<\/div>\n\t\t\t\t<div class=\"elementor-element elementor-element-53201dd elementor-widget elementor-widget-text-editor\" data-id=\"53201dd\" data-element_type=\"widget\" data-e-type=\"widget\" data-widget_type=\"text-editor.default\">\n\t\t\t\t<div class=\"elementor-widget-container\">\n\t\t\t\t\t\t\t\t\t<p>Au d\u00e9but de l\u2019ann\u00e9e 2021, Valerie et <a href=\"https:\/\/fr.wikipedia.org\/wiki\/Klaus_Waldeck\" target=\"_blank\" rel=\"nofollow noopener\">Klaus Waldeck<\/a> ont d\u00e9cid\u00e9 de travailler sur un nouvel album.<\/p><p>Passant pr\u00e8s de deux ans sur de nouvelles chansons et enregistrements, le fruit de leur travail est leur nouvel album <em><strong>Apr\u00e8s la Boh\u00e8me<\/strong><\/em>. Ce titre laisse beaucoup de place \u00e0 l\u2019interpr\u00e9tation et capture l\u2019esprit de notre \u00e9poque.<\/p><p>Toutes les chansons sont chant\u00e9es en fran\u00e7ais.<\/p><p>La musique se nourrit d\u2019ambiances ambigu\u00ebs entre d\u00e9cadence et \u00e9l\u00e9gance avec une dose de bruits de fond psych\u00e9d\u00e9liques et de chic r\u00e9tro.<\/p>\t\t\t\t\t\t\t\t<\/div>\n\t\t\t\t<\/div>\n\t\t\t\t<\/div>\n\t\t\t\t\t<\/div>\n\t\t\t\t<\/div>\n\t\t<div class=\"elementor-element elementor-element-130e767 e-flex e-con-boxed e-con e-parent\" data-id=\"130e767\" data-element_type=\"container\" data-e-type=\"container\">\n\t\t\t\t\t<div class=\"e-con-inner\">\n\t\t\t\t<div class=\"elementor-element elementor-element-7b132c5 elementor-widget elementor-widget-text-editor\" data-id=\"7b132c5\" data-element_type=\"widget\" data-e-type=\"widget\" data-widget_type=\"text-editor.default\">\n\t\t\t\t<div class=\"elementor-widget-container\">\n\t\t\t\t\t\t\t\t\t<p>L\u2019un des titres de l\u2019album, <em><strong>Boom, Boom Click ! <\/strong><\/em>&nbsp;est d\u00e9j\u00e0 sorti et a \u00e9t\u00e9 repris dans l\u2019un des derniers \u00e9pisodes de la s\u00e9rie Netflix <em>Emily in Paris<\/em>.<\/p>\n<p>Ce titre a \u00e9galement \u00e9t\u00e9 repris lors du d\u00e9fil\u00e9 sur le tapis rouge du <strong>76\u00e8me Festival de Cannes<\/strong>.<\/p>\t\t\t\t\t\t\t\t<\/div>\n\t\t\t\t<\/div>\n\t\t\t\t\t<\/div>\n\t\t\t\t<\/div>\n\t\t<div class=\"elementor-element elementor-element-fb43219 e-flex e-con-boxed e-con e-parent\" data-id=\"fb43219\" data-element_type=\"container\" data-e-type=\"container\">\n\t\t\t\t\t<div class=\"e-con-inner\">\n\t\t\t\t<div class=\"elementor-element elementor-element-01222b4 elementor-widget elementor-widget-video\" data-id=\"01222b4\" data-element_type=\"widget\" data-e-type=\"widget\" data-settings=\"{&quot;youtube_url&quot;:&quot;https:\\\/\\\/youtu.be\\\/L-ZqYooBA1w?si=XC6RbphF8TECWVNx&quot;,&quot;video_type&quot;:&quot;youtube&quot;,&quot;controls&quot;:&quot;yes&quot;}\" data-widget_type=\"video.default\">\n\t\t\t\t<div class=\"elementor-widget-container\">\n\t\t\t\t\t\t\t<div class=\"elementor-wrapper elementor-open-inline\">\n\t\t\t<div class=\"elementor-video\"><\/div>\t\t<\/div>\n\t\t\t\t\t\t<\/div>\n\t\t\t\t<\/div>\n\t\t\t\t<div class=\"elementor-element elementor-element-1e6104a elementor-widget elementor-widget-spacer\" data-id=\"1e6104a\" data-element_type=\"widget\" data-e-type=\"widget\" data-widget_type=\"spacer.default\">\n\t\t\t\t<div class=\"elementor-widget-container\">\n\t\t\t\t\t\t\t<div class=\"elementor-spacer\">\n\t\t\t<div class=\"elementor-spacer-inner\"><\/div>\n\t\t<\/div>\n\t\t\t\t\t\t<\/div>\n\t\t\t\t<\/div>\n\t\t\t\t\t<\/div>\n\t\t\t\t<\/div>\n\t\t\t\t<\/div>\n\t\t","protected":false},"excerpt":{"rendered":"<p>Saint PrivatCollaboration Valerie Sajdik &#038; Klaus Waldeck Le groupe culte autrichien et francophile SAINT PRIVAT Le projet de duo francophone [&hellip;]<\/p>\n","protected":false},"author":2,"featured_media":830,"parent":73,"menu_order":4,"comment_status":"closed","ping_status":"closed","template":"","meta":{"_monsterinsights_skip_tracking":false,"_monsterinsights_sitenote_active":false,"_monsterinsights_sitenote_note":"","_monsterinsights_sitenote_category":0,"site-sidebar-layout":"no-sidebar","site-content-layout":"","ast-site-content-layout":"full-width-container","site-content-style":"default","site-sidebar-style":"default","ast-global-header-display":"","ast-banner-title-visibility":"","ast-main-header-display":"","ast-hfb-above-header-display":"","ast-hfb-below-header-display":"","ast-hfb-mobile-header-display":"","site-post-title":"disabled","ast-breadcrumbs-content":"","ast-featured-img":"disabled","footer-sml-layout":"","ast-disable-related-posts":"","theme-transparent-header-meta":"enabled","adv-header-id-meta":"","stick-header-meta":"default","header-above-stick-meta":"","header-main-stick-meta":"","header-below-stick-meta":"","astra-migrate-meta-layouts":"default","ast-page-background-enabled":"default","ast-page-background-meta":{"desktop":{"background-color":"var(--ast-global-color-5)","background-image":"","background-repeat":"repeat","background-position":"center center","background-size":"auto","background-attachment":"scroll","background-type":"","background-media":"","overlay-type":"","overlay-color":"","overlay-opacity":"","overlay-gradient":""},"tablet":{"background-color":"","background-image":"","background-repeat":"repeat","background-position":"center center","background-size":"auto","background-attachment":"scroll","background-type":"","background-media":"","overlay-type":"","overlay-color":"","overlay-opacity":"","overlay-gradient":""},"mobile":{"background-color":"","background-image":"","background-repeat":"repeat","background-position":"center center","background-size":"auto","background-attachment":"scroll","background-type":"","background-media":"","overlay-type":"","overlay-color":"","overlay-opacity":"","overlay-gradient":""}},"ast-content-background-meta":{"desktop":{"background-color":"var(--ast-global-color-4)","background-image":"","background-repeat":"repeat","background-position":"center center","background-size":"auto","background-attachment":"scroll","background-type":"","background-media":"","overlay-type":"","overlay-color":"","overlay-opacity":"","overlay-gradient":""},"tablet":{"background-color":"var(--ast-global-color-4)","background-image":"","background-repeat":"repeat","background-position":"center center","background-size":"auto","background-attachment":"scroll","background-type":"","background-media":"","overlay-type":"","overlay-color":"","overlay-opacity":"","overlay-gradient":""},"mobile":{"background-color":"var(--ast-global-color-4)","background-image":"","background-repeat":"repeat","background-position":"center center","background-size":"auto","background-attachment":"scroll","background-type":"","background-media":"","overlay-type":"","overlay-color":"","overlay-opacity":"","overlay-gradient":""}},"footnotes":""},"class_list":["post-812","page","type-page","status-publish","has-post-thumbnail","hentry"],"aioseo_notices":[],"_links":{"self":[{"href":"https:\/\/valeriesajdik.com\/fr\/wp-json\/wp\/v2\/pages\/812","targetHints":{"allow":["GET"]}}],"collection":[{"href":"https:\/\/valeriesajdik.com\/fr\/wp-json\/wp\/v2\/pages"}],"about":[{"href":"https:\/\/valeriesajdik.com\/fr\/wp-json\/wp\/v2\/types\/page"}],"author":[{"embeddable":true,"href":"https:\/\/valeriesajdik.com\/fr\/wp-json\/wp\/v2\/users\/2"}],"replies":[{"embeddable":true,"href":"https:\/\/valeriesajdik.com\/fr\/wp-json\/wp\/v2\/comments?post=812"}],"version-history":[{"count":15,"href":"https:\/\/valeriesajdik.com\/fr\/wp-json\/wp\/v2\/pages\/812\/revisions"}],"predecessor-version":[{"id":2061,"href":"https:\/\/valeriesajdik.com\/fr\/wp-json\/wp\/v2\/pages\/812\/revisions\/2061"}],"up":[{"embeddable":true,"href":"https:\/\/valeriesajdik.com\/fr\/wp-json\/wp\/v2\/pages\/73"}],"wp:featuredmedia":[{"embeddable":true,"href":"https:\/\/valeriesajdik.com\/fr\/wp-json\/wp\/v2\/media\/830"}],"wp:attachment":[{"href":"https:\/\/valeriesajdik.com\/fr\/wp-json\/wp\/v2\/media?parent=812"}],"curies":[{"name":"wp","href":"https:\/\/api.w.org\/{rel}","templated":true}]}}