{"id":856,"date":"2025-05-29T18:52:36","date_gmt":"2025-05-29T16:52:36","guid":{"rendered":"https:\/\/dev.valeriesajdik.com\/?page_id=856"},"modified":"2025-06-23T21:08:35","modified_gmt":"2025-06-23T19:08:35","slug":"duo-cedric-chauveau","status":"publish","type":"page","link":"https:\/\/valeriesajdik.com\/fr\/bio\/duo-cedric-chauveau\/","title":{"rendered":"Duo avec C\u00e9dric Chauveau"},"content":{"rendered":"\t\t<div data-elementor-type=\"wp-page\" data-elementor-id=\"856\" class=\"elementor elementor-856\" data-elementor-post-type=\"page\">\n\t\t\t\t<div class=\"elementor-element elementor-element-249eb05a e-con-full e-flex e-con e-parent\" data-id=\"249eb05a\" data-element_type=\"container\" data-e-type=\"container\">\n\t\t\t\t<div class=\"elementor-element elementor-element-2018a2b0 elementor--v-position-bottom elementor--h-position-center elementor-widget elementor-widget-slides\" data-id=\"2018a2b0\" data-element_type=\"widget\" data-e-type=\"widget\" data-settings=\"{&quot;navigation&quot;:&quot;none&quot;,&quot;transition&quot;:&quot;slide&quot;,&quot;transition_speed&quot;:500}\" data-widget_type=\"slides.default\">\n\t\t\t\t<div class=\"elementor-widget-container\">\n\t\t\t\t\t\t\t\t\t<div class=\"elementor-swiper\">\n\t\t\t\t\t<div class=\"elementor-slides-wrapper elementor-main-swiper swiper\" role=\"region\" aria-roledescription=\"carousel\" aria-label=\"HERO\" dir=\"ltr\" data-animation=\"fadeInUp\">\n\t\t\t\t<div class=\"swiper-wrapper elementor-slides\">\n\t\t\t\t\t\t\t\t\t\t<div class=\"elementor-repeater-item-c18b494 swiper-slide\" role=\"group\" aria-roledescription=\"slide\"><div class=\"swiper-slide-bg\" role=\"img\" aria-label=\"Duo Val\u00e9rie Sajdik et C\u00e9dric Chauveau\"><\/div><div class=\"swiper-slide-inner\" ><div class=\"swiper-slide-contents\"><div class=\"elementor-slide-heading\">Duo avec C\u00e9dric Chauveau<\/div><div class=\"elementor-slide-description\">Collaboration voix & piano<\/div><\/div><\/div><\/div>\t\t\t\t<\/div>\n\t\t\t\t\t\t\t<\/div>\n\t\t\t\t<\/div>\n\t\t\t\t\t\t\t\t<\/div>\n\t\t\t\t<\/div>\n\t\t\t\t<\/div>\n\t\t<div class=\"elementor-element elementor-element-ed7b611 e-flex e-con-boxed e-con e-parent\" data-id=\"ed7b611\" data-element_type=\"container\" data-e-type=\"container\" data-settings=\"{&quot;background_background&quot;:&quot;classic&quot;}\">\n\t\t\t\t\t<div class=\"e-con-inner\">\n\t\t<div class=\"elementor-element elementor-element-16ba057 e-con-full e-flex e-con e-child\" data-id=\"16ba057\" data-element_type=\"container\" data-e-type=\"container\">\n\t\t\t\t<div class=\"elementor-element elementor-element-fc1f671 elementor-widget elementor-widget-text-editor\" data-id=\"fc1f671\" data-element_type=\"widget\" data-e-type=\"widget\" data-widget_type=\"text-editor.default\">\n\t\t\t\t<div class=\"elementor-widget-container\">\n\t\t\t\t\t\t\t\t\t<p>Entre jazz po\u00e9tique et m\u00e9tissage culturel<\/p>\t\t\t\t\t\t\t\t<\/div>\n\t\t\t\t<\/div>\n\t\t\t\t<div class=\"elementor-element elementor-element-397c760 elementor-widget-divider--view-line elementor-widget elementor-widget-divider\" data-id=\"397c760\" data-element_type=\"widget\" data-e-type=\"widget\" data-widget_type=\"divider.default\">\n\t\t\t\t<div class=\"elementor-widget-container\">\n\t\t\t\t\t\t\t<div class=\"elementor-divider\">\n\t\t\t<span class=\"elementor-divider-separator\">\n\t\t\t\t\t\t<\/span>\n\t\t<\/div>\n\t\t\t\t\t\t<\/div>\n\t\t\t\t<\/div>\n\t\t\t\t<div class=\"elementor-element elementor-element-c6711b3 elementor-widget elementor-widget-heading\" data-id=\"c6711b3\" data-element_type=\"widget\" data-e-type=\"widget\" data-widget_type=\"heading.default\">\n\t\t\t\t<div class=\"elementor-widget-container\">\n\t\t\t\t\t<h1 class=\"elementor-heading-title elementor-size-default\">CEDRIC CHAUVEAU ET VALERIE SAJDIK EN DUO<\/h1>\t\t\t\t<\/div>\n\t\t\t\t<\/div>\n\t\t\t\t<div class=\"elementor-element elementor-element-9dd39b5 elementor-widget elementor-widget-text-editor\" data-id=\"9dd39b5\" data-element_type=\"widget\" data-e-type=\"widget\" data-widget_type=\"text-editor.default\">\n\t\t\t\t<div class=\"elementor-widget-container\">\n\t\t\t\t\t\t\t\t\t<div class=\"wbp_wrapper\"><span class=\"s1\">Valerie co-compose avec C\u00e9dric Chauveau, pianiste de jazz fran\u00e7ais<\/span><\/div>\n<div class=\"wbp_wrapper\"><span class=\"s1\">dont l\u00b4album en trio <em><strong>It\u00b4s only a Papermoon<\/strong><\/em> a \u00e9t\u00e9 class\u00e9 <em>R\u00e9v\u00e9lation<\/em> par Jazz Magazine (magazine fran\u00e7ais de jazz).<\/span><\/div>\n<div>\u00a0<\/div>\n<div class=\"wbp_wrapper\">Val\u00e9rie et C\u00e9dric ont fond\u00e9 leur duo en 2017 et se sont produits dans des th\u00e9\u00e2tres et autres lieux magiques qui mettaient \u00e0 disposition un piano acoustique.\u00a0L\u2019interaction pendant et l\u2019\u00e9change avec le public apr\u00e8s les concerts font partie int\u00e9grante de ces moments uniques.<\/div>\n<div>\u00a0<\/div>\n<div class=\"wbp_wrapper\">Leur r\u00e9pertoire comprend des compositions originales ainsi que des chansons de cabaret et de jazz fran\u00e7aises, allemandes et anglaises des ann\u00e9es 1920 aux ann\u00e9es 1940, par exemple de Kurt Weill, Friedrich Hollander, Marlene Dietrich, mais aussi de Piaf, Trenet et Brassens.\u00a0<\/div>\t\t\t\t\t\t\t\t<\/div>\n\t\t\t\t<\/div>\n\t\t\t\t<\/div>\n\t\t\t\t\t<\/div>\n\t\t\t\t<\/div>\n\t\t<div class=\"elementor-element elementor-element-4074756 e-flex e-con-boxed e-con e-parent\" data-id=\"4074756\" data-element_type=\"container\" data-e-type=\"container\">\n\t\t\t\t\t<div class=\"e-con-inner\">\n\t\t<div class=\"elementor-element elementor-element-7d32092 e-con-full e-flex e-con e-child\" data-id=\"7d32092\" data-element_type=\"container\" data-e-type=\"container\">\n\t\t\t\t<div class=\"elementor-element elementor-element-6f0c9aa elementor-widget elementor-widget-text-editor\" data-id=\"6f0c9aa\" data-element_type=\"widget\" data-e-type=\"widget\" data-widget_type=\"text-editor.default\">\n\t\t\t\t<div class=\"elementor-widget-container\">\n\t\t\t\t\t\t\t\t\t<p>S\u00e9lection<\/p>\t\t\t\t\t\t\t\t<\/div>\n\t\t\t\t<\/div>\n\t\t\t\t<div class=\"elementor-element elementor-element-aeae448 elementor-widget elementor-widget-heading\" data-id=\"aeae448\" data-element_type=\"widget\" data-e-type=\"widget\" data-widget_type=\"heading.default\">\n\t\t\t\t<div class=\"elementor-widget-container\">\n\t\t\t\t\t<h2 class=\"elementor-heading-title elementor-size-default\">Notes vagabondes<\/h2>\t\t\t\t<\/div>\n\t\t\t\t<\/div>\n\t\t\t\t<div class=\"elementor-element elementor-element-607a1b3 elementor-widget elementor-widget-text-editor\" data-id=\"607a1b3\" data-element_type=\"widget\" data-e-type=\"widget\" data-widget_type=\"text-editor.default\">\n\t\t\t\t<div class=\"elementor-widget-container\">\n\t\t\t\t\t\t\t\t\t<div class=\"wbp_wrapper\"><p>Ils ont int\u00e9gr\u00e9 aussi quelques standards de jazz soigneusement choisis.<\/p><p>C&rsquo;est un v\u00e9ritable voyage \u00e0 travers l\u2019Europe des ann\u00e9es dor\u00e9es et folles, avec des tubes oubli\u00e9s, des chansons \u00e9crites en exil, des histoires de voisinage, d\u2019insomnie et de folie.<\/p><p>Avec ironie et sensibilit\u00e9, C\u00e9dric et Val\u00e9rie se surprennent et nous surprennent.<\/p><p>C\u00e9dric arrange les morceaux de mani\u00e8re \u00e0 ce que l\u2019on puisse d\u00e9couvrir le piano d\u2019une oreille nouvelle.<\/p><\/div>\t\t\t\t\t\t\t\t<\/div>\n\t\t\t\t<\/div>\n\t\t\t\t<\/div>\n\t\t<div class=\"elementor-element elementor-element-ab35e1a e-con-full e-flex e-con e-child\" data-id=\"ab35e1a\" data-element_type=\"container\" data-e-type=\"container\">\n\t\t\t\t<div class=\"elementor-element elementor-element-eb3f7ad elementor-widget elementor-widget-image\" data-id=\"eb3f7ad\" data-element_type=\"widget\" data-e-type=\"widget\" data-widget_type=\"image.default\">\n\t\t\t\t<div class=\"elementor-widget-container\">\n\t\t\t\t\t\t\t\t\t\t\t\t\t\t\t<img fetchpriority=\"high\" decoding=\"async\" width=\"1280\" height=\"1280\" src=\"https:\/\/valeriesajdik.com\/wp-content\/uploads\/2025\/05\/concert-valerie-sajdik-cedric-chauveau-duo.jpg\" class=\"attachment-full size-full wp-image-884\" alt=\"\" srcset=\"https:\/\/valeriesajdik.com\/wp-content\/uploads\/2025\/05\/concert-valerie-sajdik-cedric-chauveau-duo.jpg 1280w, https:\/\/valeriesajdik.com\/wp-content\/uploads\/2025\/05\/concert-valerie-sajdik-cedric-chauveau-duo-300x300.jpg 300w, https:\/\/valeriesajdik.com\/wp-content\/uploads\/2025\/05\/concert-valerie-sajdik-cedric-chauveau-duo-1024x1024.jpg 1024w, https:\/\/valeriesajdik.com\/wp-content\/uploads\/2025\/05\/concert-valerie-sajdik-cedric-chauveau-duo-150x150.jpg 150w, https:\/\/valeriesajdik.com\/wp-content\/uploads\/2025\/05\/concert-valerie-sajdik-cedric-chauveau-duo-768x768.jpg 768w, https:\/\/valeriesajdik.com\/wp-content\/uploads\/2025\/05\/concert-valerie-sajdik-cedric-chauveau-duo-500x500.jpg 500w, https:\/\/valeriesajdik.com\/wp-content\/uploads\/2025\/05\/concert-valerie-sajdik-cedric-chauveau-duo-12x12.jpg 12w\" sizes=\"(max-width: 1280px) 100vw, 1280px\" \/>\t\t\t\t\t\t\t\t\t\t\t\t\t\t\t<\/div>\n\t\t\t\t<\/div>\n\t\t\t\t<\/div>\n\t\t\t\t\t<\/div>\n\t\t\t\t<\/div>\n\t\t<div class=\"elementor-element elementor-element-ca3fed7 e-flex e-con-boxed e-con e-parent\" data-id=\"ca3fed7\" data-element_type=\"container\" data-e-type=\"container\" data-settings=\"{&quot;background_background&quot;:&quot;classic&quot;}\">\n\t\t\t\t\t<div class=\"e-con-inner\">\n\t\t<div class=\"elementor-element elementor-element-9a545e4 e-con-full e-flex e-con e-child\" data-id=\"9a545e4\" data-element_type=\"container\" data-e-type=\"container\">\n\t\t\t\t<div class=\"elementor-element elementor-element-037f44a elementor-widget elementor-widget-image\" data-id=\"037f44a\" data-element_type=\"widget\" data-e-type=\"widget\" data-widget_type=\"image.default\">\n\t\t\t\t<div class=\"elementor-widget-container\">\n\t\t\t\t\t\t\t\t\t\t\t\t\t\t\t<img decoding=\"async\" width=\"1280\" height=\"1280\" src=\"https:\/\/valeriesajdik.com\/wp-content\/uploads\/2025\/05\/concert-valerie-sajdik-cedric-chauveau.jpg\" class=\"attachment-full size-full wp-image-878\" alt=\"\" srcset=\"https:\/\/valeriesajdik.com\/wp-content\/uploads\/2025\/05\/concert-valerie-sajdik-cedric-chauveau.jpg 1280w, https:\/\/valeriesajdik.com\/wp-content\/uploads\/2025\/05\/concert-valerie-sajdik-cedric-chauveau-300x300.jpg 300w, https:\/\/valeriesajdik.com\/wp-content\/uploads\/2025\/05\/concert-valerie-sajdik-cedric-chauveau-1024x1024.jpg 1024w, https:\/\/valeriesajdik.com\/wp-content\/uploads\/2025\/05\/concert-valerie-sajdik-cedric-chauveau-150x150.jpg 150w, https:\/\/valeriesajdik.com\/wp-content\/uploads\/2025\/05\/concert-valerie-sajdik-cedric-chauveau-768x768.jpg 768w, https:\/\/valeriesajdik.com\/wp-content\/uploads\/2025\/05\/concert-valerie-sajdik-cedric-chauveau-500x500.jpg 500w, https:\/\/valeriesajdik.com\/wp-content\/uploads\/2025\/05\/concert-valerie-sajdik-cedric-chauveau-12x12.jpg 12w\" sizes=\"(max-width: 1280px) 100vw, 1280px\" \/>\t\t\t\t\t\t\t\t\t\t\t\t\t\t\t<\/div>\n\t\t\t\t<\/div>\n\t\t\t\t<\/div>\n\t\t<div class=\"elementor-element elementor-element-d5dc490 e-con-full e-flex e-con e-child\" data-id=\"d5dc490\" data-element_type=\"container\" data-e-type=\"container\">\n\t\t\t\t<div class=\"elementor-element elementor-element-e41363d elementor-widget elementor-widget-heading\" data-id=\"e41363d\" data-element_type=\"widget\" data-e-type=\"widget\" data-widget_type=\"heading.default\">\n\t\t\t\t<div class=\"elementor-widget-container\">\n\t\t\t\t\t<h2 class=\"elementor-heading-title elementor-size-default\">Concerts d'ici et d'ailleurs<\/h2>\t\t\t\t<\/div>\n\t\t\t\t<\/div>\n\t\t\t\t<div class=\"elementor-element elementor-element-4956516 elementor-widget elementor-widget-text-editor\" data-id=\"4956516\" data-element_type=\"widget\" data-e-type=\"widget\" data-widget_type=\"text-editor.default\">\n\t\t\t\t<div class=\"elementor-widget-container\">\n\t\t\t\t\t\t\t\t\t<p>Quelques lieux de repr\u00e9sentation :<\/p>\n<p>Premi\u00e8re O Marches du Palais \u00e0 Lod\u00e8ve ; R\u00e9sidence avec concert au th\u00e9\u00e2tre de P\u00e9zenas ; Ch\u00e2teau de Puicheric ; Ch\u00e2teau Touny les Roses ; Domaine d\u2019O \u00e0 Montpellier ; Salle Moli\u00e8re de l\u2019Op\u00e9ra de Montpellier ; H\u00f4tel Magnol Montpellier ; Bruxelles ; Vienne (Porgy&amp;Bess) ; Bratislava\u2026<\/p>\n<p>La R\u00e9gion Occitanie les a \u00e9galement envoy\u00e9s en Allemagne, dans le cadre de la Quinzaine Franco-Allemande, \u00e0 l\u2019Ambassade de France \u00e0 Berlin, \u00e0 Heidelberg et \u00e0 Leipzig.<\/p>\t\t\t\t\t\t\t\t<\/div>\n\t\t\t\t<\/div>\n\t\t\t\t<\/div>\n\t\t\t\t\t<\/div>\n\t\t\t\t<\/div>\n\t\t<div class=\"elementor-element elementor-element-4527785 e-flex e-con-boxed e-con e-parent\" data-id=\"4527785\" data-element_type=\"container\" data-e-type=\"container\" data-settings=\"{&quot;background_background&quot;:&quot;classic&quot;}\">\n\t\t\t\t\t<div class=\"e-con-inner\">\n\t\t<div class=\"elementor-element elementor-element-fdf0337 e-con-full e-flex e-con e-child\" data-id=\"fdf0337\" data-element_type=\"container\" data-e-type=\"container\">\n\t\t\t\t<div class=\"elementor-element elementor-element-c702bb2 elementor-widget elementor-widget-heading\" data-id=\"c702bb2\" data-element_type=\"widget\" data-e-type=\"widget\" data-widget_type=\"heading.default\">\n\t\t\t\t<div class=\"elementor-widget-container\">\n\t\t\t\t\t<h2 class=\"elementor-heading-title elementor-size-default\">Funambule<\/h2>\t\t\t\t<\/div>\n\t\t\t\t<\/div>\n\t\t\t\t<div class=\"elementor-element elementor-element-85d670c elementor-widget elementor-widget-text-editor\" data-id=\"85d670c\" data-element_type=\"widget\" data-e-type=\"widget\" data-widget_type=\"text-editor.default\">\n\t\t\t\t<div class=\"elementor-widget-container\">\n\t\t\t\t\t\t\t\t\t<p class=\"p1\"><span class=\"s1\">Dans l&rsquo;album <em><strong>Funambule<\/strong><\/em>, l<\/span><span class=\"s1\">e duo Val\u00e9rie Sajdik (voix) et C\u00e9dric Chauveau (piano), r\u00e9unit en un univers musical singulier deux parcours riches de musique et de m\u00e9tissage culturel. <\/span><\/p>\n<p class=\"p1\"><span class=\"s1\">Ils pr\u00e9sentent un premier album qui caract\u00e9rise leur sens de la m\u00e9lodie et leur go\u00fbt pour la po\u00e9sie.<\/span><\/p>\n<p class=\"p1\"><span class=\"s1\">Dans des chansons principalement anglaises, mais aussi fran\u00e7aises, Val\u00e9rie et C\u00e9dric racontent des histoires de funambules titubants, de somnambules, de r\u00eaveurs d\u2019\u00e9toiles, d\u2019ivrognes dans le d\u00e9ni et du chien de Baudelaire qui ne se laisse pas faire.\u00a0<\/span><\/p>\n<p class=\"p1\"><span class=\"s1\">Co-\u00e9crit entre Val\u00e9rie et C\u00e9dric et autre collaborateurs comme David Bronner, Mildred Hager et Jonas Reindl, l\u2019album a \u00e9t\u00e9 cr\u00e9\u00e9 entre le sud de la France, New York et Vienne et a \u00e9t\u00e9 enregistr\u00e9 \u00e0 Narbonne avec Romain Castera.<\/span><\/p>\t\t\t\t\t\t\t\t<\/div>\n\t\t\t\t<\/div>\n\t\t\t\t<\/div>\n\t\t<div class=\"elementor-element elementor-element-6f834bd e-con-full e-flex e-con e-child\" data-id=\"6f834bd\" data-element_type=\"container\" data-e-type=\"container\">\n\t\t\t\t<div class=\"elementor-element elementor-element-6d718e6 elementor-widget elementor-widget-image\" data-id=\"6d718e6\" data-element_type=\"widget\" data-e-type=\"widget\" data-widget_type=\"image.default\">\n\t\t\t\t<div class=\"elementor-widget-container\">\n\t\t\t\t\t\t\t\t\t\t\t\t\t\t\t<img decoding=\"async\" width=\"1280\" height=\"1280\" src=\"https:\/\/valeriesajdik.com\/wp-content\/uploads\/2025\/05\/Funambule-Valerie-Sajdik-et-Cedric-Chauveau.jpg\" class=\"attachment-full size-full wp-image-618\" alt=\"Funambule\" srcset=\"https:\/\/valeriesajdik.com\/wp-content\/uploads\/2025\/05\/Funambule-Valerie-Sajdik-et-Cedric-Chauveau.jpg 1280w, https:\/\/valeriesajdik.com\/wp-content\/uploads\/2025\/05\/Funambule-Valerie-Sajdik-et-Cedric-Chauveau-300x300.jpg 300w, https:\/\/valeriesajdik.com\/wp-content\/uploads\/2025\/05\/Funambule-Valerie-Sajdik-et-Cedric-Chauveau-1024x1024.jpg 1024w, https:\/\/valeriesajdik.com\/wp-content\/uploads\/2025\/05\/Funambule-Valerie-Sajdik-et-Cedric-Chauveau-150x150.jpg 150w, https:\/\/valeriesajdik.com\/wp-content\/uploads\/2025\/05\/Funambule-Valerie-Sajdik-et-Cedric-Chauveau-768x768.jpg 768w, https:\/\/valeriesajdik.com\/wp-content\/uploads\/2025\/05\/Funambule-Valerie-Sajdik-et-Cedric-Chauveau-500x500.jpg 500w\" sizes=\"(max-width: 1280px) 100vw, 1280px\" \/>\t\t\t\t\t\t\t\t\t\t\t\t\t\t\t<\/div>\n\t\t\t\t<\/div>\n\t\t\t\t<\/div>\n\t\t\t\t\t<\/div>\n\t\t\t\t<\/div>\n\t\t<div class=\"elementor-element elementor-element-f9ddb47 e-flex e-con-boxed e-con e-parent\" data-id=\"f9ddb47\" data-element_type=\"container\" data-e-type=\"container\">\n\t\t\t\t\t<div class=\"e-con-inner\">\n\t\t<div class=\"elementor-element elementor-element-addcaf3 e-con-full e-flex e-con e-child\" data-id=\"addcaf3\" data-element_type=\"container\" data-e-type=\"container\">\n\t\t\t\t<div class=\"elementor-element elementor-element-3a96458 elementor-widget elementor-widget-image\" data-id=\"3a96458\" data-element_type=\"widget\" data-e-type=\"widget\" data-widget_type=\"image.default\">\n\t\t\t\t<div class=\"elementor-widget-container\">\n\t\t\t\t\t\t\t\t\t\t\t\t\t\t\t<img loading=\"lazy\" decoding=\"async\" width=\"838\" height=\"780\" src=\"https:\/\/valeriesajdik.com\/wp-content\/uploads\/2025\/05\/Amities-Nouvel-Album-Valerie-Sajdik-et-Cedric-Chauveau.jpg\" class=\"attachment-full size-full wp-image-159\" alt=\"Amiti\u00e9s - Nouvel Album 2025 Val\u00e9rie Sajdik et C\u00e9dric Chauveau\" srcset=\"https:\/\/valeriesajdik.com\/wp-content\/uploads\/2025\/05\/Amities-Nouvel-Album-Valerie-Sajdik-et-Cedric-Chauveau.jpg 838w, https:\/\/valeriesajdik.com\/wp-content\/uploads\/2025\/05\/Amities-Nouvel-Album-Valerie-Sajdik-et-Cedric-Chauveau-300x279.jpg 300w, https:\/\/valeriesajdik.com\/wp-content\/uploads\/2025\/05\/Amities-Nouvel-Album-Valerie-Sajdik-et-Cedric-Chauveau-768x715.jpg 768w\" sizes=\"(max-width: 838px) 100vw, 838px\" \/>\t\t\t\t\t\t\t\t\t\t\t\t\t\t\t<\/div>\n\t\t\t\t<\/div>\n\t\t\t\t<\/div>\n\t\t<div class=\"elementor-element elementor-element-4b5a49f e-con-full e-flex e-con e-child\" data-id=\"4b5a49f\" data-element_type=\"container\" data-e-type=\"container\">\n\t\t\t\t<div class=\"elementor-element elementor-element-0482007 elementor-widget elementor-widget-heading\" data-id=\"0482007\" data-element_type=\"widget\" data-e-type=\"widget\" data-widget_type=\"heading.default\">\n\t\t\t\t<div class=\"elementor-widget-container\">\n\t\t\t\t\t<h2 class=\"elementor-heading-title elementor-size-default\">Amiti\u00e9s<\/h2>\t\t\t\t<\/div>\n\t\t\t\t<\/div>\n\t\t\t\t<div class=\"elementor-element elementor-element-53201dd elementor-widget elementor-widget-text-editor\" data-id=\"53201dd\" data-element_type=\"widget\" data-e-type=\"widget\" data-widget_type=\"text-editor.default\">\n\t\t\t\t<div class=\"elementor-widget-container\">\n\t\t\t\t\t\t\t\t\t<p>En 2025, Val\u00e9rie et <a href=\"https:\/\/cedric-chauveau.com\/\" target=\"_blank\" rel=\"nofollow noopener\">C\u00e9dric Chauveau<\/a> sortent un album in\u00e9dit constitu\u00e9 de reprises revisit\u00e9es dans un style jazzy, une premi\u00e8re pour elle.<\/p><p><em><strong>Amiti\u00e9s<\/strong> <\/em>rend hommage \u00e0 l\u2019amiti\u00e9 franco-allemande, \u00e0 la diversit\u00e9 culturelle europ\u00e9enne et \u00e0 la solidarit\u00e9 entre les peuples.<\/p><p>Parmi les moments forts, une version fran\u00e7aise de la chanson <em><strong>Ein bisschen Frieden<\/strong><\/em> (Eurovision 1982), un hommage \u00e0 Barbara avec <em><b>G\u00f6ttingen<\/b>\u00a0ainsi que<\/em>\u00a0des clins d\u2019\u0153il \u00e0 l\u2019Occitanie avec des reprises de Trenet, Brassens et Nougaro, et enfin une reprise de <strong><em>Mensch<\/em><\/strong> d&rsquo;Herbert Gr\u00f6nemeyer.<\/p><p>L\u2019album compte \u00e9galement les talents de <strong>Michel Altier<\/strong> \u00e0 la contrebasse et <strong>Samuel Devauchelle<\/strong> \u00e0 la batterie.<\/p><p>Command\u00e9 par l\u2019Association Allemagne-Occitanie, Amiti\u00e9s est une ode \u00e0 l\u2019unit\u00e9 europ\u00e9enne par la musique et l\u2019amiti\u00e9.<\/p>\t\t\t\t\t\t\t\t<\/div>\n\t\t\t\t<\/div>\n\t\t\t\t<\/div>\n\t\t\t\t\t<\/div>\n\t\t\t\t<\/div>\n\t\t<div class=\"elementor-element elementor-element-fb43219 e-flex e-con-boxed e-con e-parent\" data-id=\"fb43219\" data-element_type=\"container\" data-e-type=\"container\">\n\t\t\t\t\t<div class=\"e-con-inner\">\n\t\t\t\t<div class=\"elementor-element elementor-element-01222b4 elementor-widget elementor-widget-video\" data-id=\"01222b4\" data-element_type=\"widget\" data-e-type=\"widget\" data-settings=\"{&quot;youtube_url&quot;:&quot;https:\\\/\\\/youtu.be\\\/jZgsllYXOMA?si=K3FRrpfNPuZqd8wV&quot;,&quot;video_type&quot;:&quot;youtube&quot;,&quot;controls&quot;:&quot;yes&quot;}\" data-widget_type=\"video.default\">\n\t\t\t\t<div class=\"elementor-widget-container\">\n\t\t\t\t\t\t\t<div class=\"elementor-wrapper elementor-open-inline\">\n\t\t\t<div class=\"elementor-video\"><\/div>\t\t<\/div>\n\t\t\t\t\t\t<\/div>\n\t\t\t\t<\/div>\n\t\t\t\t<div class=\"elementor-element elementor-element-1e6104a elementor-widget elementor-widget-spacer\" data-id=\"1e6104a\" data-element_type=\"widget\" data-e-type=\"widget\" data-widget_type=\"spacer.default\">\n\t\t\t\t<div class=\"elementor-widget-container\">\n\t\t\t\t\t\t\t<div class=\"elementor-spacer\">\n\t\t\t<div class=\"elementor-spacer-inner\"><\/div>\n\t\t<\/div>\n\t\t\t\t\t\t<\/div>\n\t\t\t\t<\/div>\n\t\t\t\t\t<\/div>\n\t\t\t\t<\/div>\n\t\t\t\t<\/div>\n\t\t","protected":false},"excerpt":{"rendered":"<p>Duo avec C\u00e9dric ChauveauCollaboration voix &#038; piano Entre jazz po\u00e9tique et m\u00e9tissage culturel CEDRIC CHAUVEAU ET VALERIE SAJDIK EN DUO [&hellip;]<\/p>\n","protected":false},"author":2,"featured_media":857,"parent":73,"menu_order":4,"comment_status":"closed","ping_status":"closed","template":"","meta":{"_monsterinsights_skip_tracking":false,"_monsterinsights_sitenote_active":false,"_monsterinsights_sitenote_note":"","_monsterinsights_sitenote_category":0,"site-sidebar-layout":"no-sidebar","site-content-layout":"","ast-site-content-layout":"full-width-container","site-content-style":"default","site-sidebar-style":"default","ast-global-header-display":"","ast-banner-title-visibility":"","ast-main-header-display":"","ast-hfb-above-header-display":"","ast-hfb-below-header-display":"","ast-hfb-mobile-header-display":"","site-post-title":"disabled","ast-breadcrumbs-content":"","ast-featured-img":"disabled","footer-sml-layout":"","ast-disable-related-posts":"","theme-transparent-header-meta":"enabled","adv-header-id-meta":"","stick-header-meta":"default","header-above-stick-meta":"","header-main-stick-meta":"","header-below-stick-meta":"","astra-migrate-meta-layouts":"default","ast-page-background-enabled":"default","ast-page-background-meta":{"desktop":{"background-color":"var(--ast-global-color-5)","background-image":"","background-repeat":"repeat","background-position":"center center","background-size":"auto","background-attachment":"scroll","background-type":"","background-media":"","overlay-type":"","overlay-color":"","overlay-opacity":"","overlay-gradient":""},"tablet":{"background-color":"","background-image":"","background-repeat":"repeat","background-position":"center center","background-size":"auto","background-attachment":"scroll","background-type":"","background-media":"","overlay-type":"","overlay-color":"","overlay-opacity":"","overlay-gradient":""},"mobile":{"background-color":"","background-image":"","background-repeat":"repeat","background-position":"center center","background-size":"auto","background-attachment":"scroll","background-type":"","background-media":"","overlay-type":"","overlay-color":"","overlay-opacity":"","overlay-gradient":""}},"ast-content-background-meta":{"desktop":{"background-color":"var(--ast-global-color-4)","background-image":"","background-repeat":"repeat","background-position":"center center","background-size":"auto","background-attachment":"scroll","background-type":"","background-media":"","overlay-type":"","overlay-color":"","overlay-opacity":"","overlay-gradient":""},"tablet":{"background-color":"var(--ast-global-color-4)","background-image":"","background-repeat":"repeat","background-position":"center center","background-size":"auto","background-attachment":"scroll","background-type":"","background-media":"","overlay-type":"","overlay-color":"","overlay-opacity":"","overlay-gradient":""},"mobile":{"background-color":"var(--ast-global-color-4)","background-image":"","background-repeat":"repeat","background-position":"center center","background-size":"auto","background-attachment":"scroll","background-type":"","background-media":"","overlay-type":"","overlay-color":"","overlay-opacity":"","overlay-gradient":""}},"footnotes":""},"class_list":["post-856","page","type-page","status-publish","has-post-thumbnail","hentry"],"aioseo_notices":[],"_links":{"self":[{"href":"https:\/\/valeriesajdik.com\/fr\/wp-json\/wp\/v2\/pages\/856","targetHints":{"allow":["GET"]}}],"collection":[{"href":"https:\/\/valeriesajdik.com\/fr\/wp-json\/wp\/v2\/pages"}],"about":[{"href":"https:\/\/valeriesajdik.com\/fr\/wp-json\/wp\/v2\/types\/page"}],"author":[{"embeddable":true,"href":"https:\/\/valeriesajdik.com\/fr\/wp-json\/wp\/v2\/users\/2"}],"replies":[{"embeddable":true,"href":"https:\/\/valeriesajdik.com\/fr\/wp-json\/wp\/v2\/comments?post=856"}],"version-history":[{"count":6,"href":"https:\/\/valeriesajdik.com\/fr\/wp-json\/wp\/v2\/pages\/856\/revisions"}],"predecessor-version":[{"id":2058,"href":"https:\/\/valeriesajdik.com\/fr\/wp-json\/wp\/v2\/pages\/856\/revisions\/2058"}],"up":[{"embeddable":true,"href":"https:\/\/valeriesajdik.com\/fr\/wp-json\/wp\/v2\/pages\/73"}],"wp:featuredmedia":[{"embeddable":true,"href":"https:\/\/valeriesajdik.com\/fr\/wp-json\/wp\/v2\/media\/857"}],"wp:attachment":[{"href":"https:\/\/valeriesajdik.com\/fr\/wp-json\/wp\/v2\/media?parent=856"}],"curies":[{"name":"wp","href":"https:\/\/api.w.org\/{rel}","templated":true}]}}